{"id":4697,"date":"2021-01-25T12:40:55","date_gmt":"2021-01-25T11:40:55","guid":{"rendered":"https:\/\/montessori-traunstein.de\/?page_id=4697"},"modified":"2021-06-05T19:29:33","modified_gmt":"2021-06-05T17:29:33","slug":"manos-que-ayudan-2021","status":"publish","type":"page","link":"https:\/\/montessori-traunstein.de\/index.php\/manos-que-ayudan-2021\/","title":{"rendered":"\u201cManos que ayudan\u201d 2021"},"content":{"rendered":"\t\t<div data-elementor-type=\"wp-page\" data-elementor-id=\"4697\" class=\"elementor elementor-4697\" data-elementor-post-type=\"page\">\n\t\t\t\t\t\t<section class=\"elementor-section elementor-top-section elementor-element elementor-element-97b1af3 elementor-section-boxed elementor-section-height-default elementor-section-height-default\" data-id=\"97b1af3\" data-element_type=\"section\" data-e-type=\"section\">\n\t\t\t\t\t\t<div class=\"elementor-container elementor-column-gap-default\">\n\t\t\t\t\t<div class=\"elementor-column elementor-col-100 elementor-top-column elementor-element elementor-element-58233d7\" data-id=\"58233d7\" data-element_type=\"column\" data-e-type=\"column\">\n\t\t\t<div class=\"elementor-widget-wrap elementor-element-populated\">\n\t\t\t\t\t\t<section class=\"elementor-section elementor-inner-section elementor-element elementor-element-a09ab4d elementor-section-boxed elementor-section-height-default elementor-section-height-default\" data-id=\"a09ab4d\" data-element_type=\"section\" data-e-type=\"section\">\n\t\t\t\t\t\t<div class=\"elementor-container elementor-column-gap-default\">\n\t\t\t\t\t<div class=\"elementor-column elementor-col-100 elementor-inner-column elementor-element elementor-element-279f7bb\" data-id=\"279f7bb\" data-element_type=\"column\" data-e-type=\"column\">\n\t\t\t<div class=\"elementor-widget-wrap elementor-element-populated\">\n\t\t\t\t\t\t<div class=\"elementor-element elementor-element-4603b5a elementor-widget elementor-widget-text-editor\" data-id=\"4603b5a\" data-element_type=\"widget\" data-e-type=\"widget\" data-widget_type=\"text-editor.default\">\n\t\t\t\t<div class=\"elementor-widget-container\">\n\t\t\t\t\t\t\t\t\t<p><span style=\"color: #800000; font-size: 18pt;\"><strong>Januar 2021<\/strong> <\/span><\/p><div>\u00a0<\/div><div class=\"default-style\">Durch eure Spenden an Weihnachten, konnten wir einer jungen Familie mit drei Kindern den Start ins neue Jahr etwas erleichtern. Wir konnten ihnen einen Esstisch und ein gro\u00dfes Lebensmittelpaket kaufen.<\/div><div class=\"default-style\">Danke f\u00fcr eure Unterst\u00fctzung!<\/div>\t\t\t\t\t\t\t\t<\/div>\n\t\t\t\t<\/div>\n\t\t\t\t<div class=\"elementor-element elementor-element-5f9ca15 elementor-widget__width-initial elementor-widget elementor-widget-video\" data-id=\"5f9ca15\" data-element_type=\"widget\" data-e-type=\"widget\" data-settings=\"{&quot;video_type&quot;:&quot;hosted&quot;,&quot;controls&quot;:&quot;yes&quot;}\" data-widget_type=\"video.default\">\n\t\t\t\t<div class=\"elementor-widget-container\">\n\t\t\t\t\t\t\t<div class=\"e-hosted-video elementor-wrapper elementor-open-inline\">\n\t\t\t\t\t<video class=\"elementor-video\" src=\"https:\/\/montessori-traunstein.de\/wp-content\/uploads\/2021\/01\/Januar-2021.mp4\" controls=\"\" preload=\"metadata\" controlsList=\"nodownload\"><\/video>\n\t\t\t\t<\/div>\n\t\t\t\t\t\t<\/div>\n\t\t\t\t<\/div>\n\t\t\t\t\t<\/div>\n\t\t<\/div>\n\t\t\t\t\t<\/div>\n\t\t<\/section>\n\t\t\t\t<div class=\"elementor-element elementor-element-e8dc5c5 elementor-widget-divider--view-line elementor-widget elementor-widget-divider\" data-id=\"e8dc5c5\" data-element_type=\"widget\" data-e-type=\"widget\" data-widget_type=\"divider.default\">\n\t\t\t\t<div class=\"elementor-widget-container\">\n\t\t\t\t\t\t\t<div class=\"elementor-divider\">\n\t\t\t<span class=\"elementor-divider-separator\">\n\t\t\t\t\t\t<\/span>\n\t\t<\/div>\n\t\t\t\t\t\t<\/div>\n\t\t\t\t<\/div>\n\t\t\t\t<section class=\"elementor-section elementor-inner-section elementor-element elementor-element-b41204b elementor-section-boxed elementor-section-height-default elementor-section-height-default\" data-id=\"b41204b\" data-element_type=\"section\" data-e-type=\"section\">\n\t\t\t\t\t\t<div class=\"elementor-container elementor-column-gap-default\">\n\t\t\t\t\t<div class=\"elementor-column elementor-col-100 elementor-inner-column elementor-element elementor-element-d278df1\" data-id=\"d278df1\" data-element_type=\"column\" data-e-type=\"column\">\n\t\t\t<div class=\"elementor-widget-wrap elementor-element-populated\">\n\t\t\t\t\t\t<div class=\"elementor-element elementor-element-1527e8e elementor-widget elementor-widget-text-editor\" data-id=\"1527e8e\" data-element_type=\"widget\" data-e-type=\"widget\" data-widget_type=\"text-editor.default\">\n\t\t\t\t<div class=\"elementor-widget-container\">\n\t\t\t\t\t\t\t\t\t<p><span style=\"color: #800000; font-size: 18pt;\"><strong>Mai 2021<\/strong><\/span><\/p><div>Diesen Monat konnten wir wieder jemandem behilflich sein. <\/div><div>Die Dame ist Mitte 60 und leidet schon seit Jahren an Lungenkrebs. Ihr Zustand verschlechterte sich in den letzten Wochen drastisch, sodass sie nun dringend ein Beatmungsger\u00e4t anschaffen musste. Da ihr daf\u00fcr das Geld fehlte, bat sie alle m\u00f6glichen Verwandten, Bekannten und Freunde um Hilfe. Auf diesem Weg ist ihr Hilferuf bis zu uns gelangt. <\/div><div>\u00a0<\/div><div>Wir freuen uns, dass auch wir einen kleinen Beitrag zur Anschaffung des lebenswichtigen Ger\u00e4ts leisten konnten und w\u00fcnschen gute Besserung! <\/div>\t\t\t\t\t\t\t\t<\/div>\n\t\t\t\t<\/div>\n\t\t\t\t\t<\/div>\n\t\t<\/div>\n\t\t\t\t\t<\/div>\n\t\t<\/section>\n\t\t\t\t\t<\/div>\n\t\t<\/div>\n\t\t\t\t\t<\/div>\n\t\t<\/section>\n\t\t\t\t<\/div>\n\t\t","protected":false},"excerpt":{"rendered":"<p>Januar 2021 \u00a0Durch eure Spenden an Weihnachten, konnten wir einer jungen Familie mit drei Kindern den Start ins neue Jahr etwas erleichtern. Wir konnten ihnen einen Esstisch und ein gro\u00dfes Lebensmittelpaket kaufen.Danke f\u00fcr eure Unterst\u00fctzung!https:\/\/montessori-traunstein.de\/wp-content\/uploads\/2021\/01\/Januar-2021.mp4 Mai 2021 Diesen Monat konnten wir wieder jemandem behilflich sein. Die Dame ist Mitte 60 und leidet schon seit Jahren [&hellip;]<\/p>\n","protected":false},"author":2,"featured_media":0,"parent":0,"menu_order":0,"comment_status":"closed","ping_status":"closed","template":"","meta":{"footnotes":""},"folder":[],"class_list":["post-4697","page","type-page","status-publish","hentry"],"yoast_head":"<!-- This site is optimized with the Yoast SEO plugin v27.4 - https:\/\/yoast.com\/product\/yoast-seo-wordpress\/ -->\n<title>\u201cManos que ayudan\u201d 2021 &#8212; Montessori-Schule Traunstein<\/title>\n<meta name=\"robots\" content=\"index, follow, max-snippet:-1, max-image-preview:large, max-video-preview:-1\" \/>\n<link rel=\"canonical\" href=\"https:\/\/montessori-traunstein.de\/index.php\/manos-que-ayudan-2021\/\" \/>\n<meta property=\"og:locale\" content=\"de_DE\" \/>\n<meta property=\"og:type\" content=\"article\" \/>\n<meta property=\"og:title\" content=\"\u201cManos que ayudan\u201d 2021 &#8212; Montessori-Schule Traunstein\" \/>\n<meta property=\"og:description\" content=\"Januar 2021 \u00a0Durch eure Spenden an Weihnachten, konnten wir einer jungen Familie mit drei Kindern den Start ins neue Jahr etwas erleichtern. Wir konnten ihnen einen Esstisch und ein gro\u00dfes Lebensmittelpaket kaufen.Danke f\u00fcr eure Unterst\u00fctzung!https:\/\/montessori-traunstein.de\/wp-content\/uploads\/2021\/01\/Januar-2021.mp4 Mai 2021 Diesen Monat konnten wir wieder jemandem behilflich sein. Die Dame ist Mitte 60 und leidet schon seit Jahren [&hellip;]\" \/>\n<meta property=\"og:url\" content=\"https:\/\/montessori-traunstein.de\/index.php\/manos-que-ayudan-2021\/\" \/>\n<meta property=\"og:site_name\" content=\"Montessori-Schule Traunstein\" \/>\n<meta property=\"article:publisher\" content=\"https:\/\/www.facebook.com\/montessoritraunstein\/\" \/>\n<meta property=\"article:modified_time\" content=\"2021-06-05T17:29:33+00:00\" \/>\n<meta name=\"twitter:card\" content=\"summary_large_image\" \/>\n<meta name=\"twitter:label1\" content=\"Gesch\u00e4tzte Lesezeit\" \/>\n\t<meta name=\"twitter:data1\" content=\"1\u00a0Minute\" \/>\n<script type=\"application\/ld+json\" class=\"yoast-schema-graph\">{\"@context\":\"https:\\\/\\\/schema.org\",\"@graph\":[{\"@type\":\"WebPage\",\"@id\":\"https:\\\/\\\/montessori-traunstein.de\\\/index.php\\\/manos-que-ayudan-2021\\\/\",\"url\":\"https:\\\/\\\/montessori-traunstein.de\\\/index.php\\\/manos-que-ayudan-2021\\\/\",\"name\":\"\u201cManos que ayudan\u201d 2021 &#8212; Montessori-Schule Traunstein\",\"isPartOf\":{\"@id\":\"https:\\\/\\\/montessori-traunstein.de\\\/#website\"},\"datePublished\":\"2021-01-25T11:40:55+00:00\",\"dateModified\":\"2021-06-05T17:29:33+00:00\",\"breadcrumb\":{\"@id\":\"https:\\\/\\\/montessori-traunstein.de\\\/index.php\\\/manos-que-ayudan-2021\\\/#breadcrumb\"},\"inLanguage\":\"de\",\"potentialAction\":[{\"@type\":\"ReadAction\",\"target\":[\"https:\\\/\\\/montessori-traunstein.de\\\/index.php\\\/manos-que-ayudan-2021\\\/\"]}]},{\"@type\":\"BreadcrumbList\",\"@id\":\"https:\\\/\\\/montessori-traunstein.de\\\/index.php\\\/manos-que-ayudan-2021\\\/#breadcrumb\",\"itemListElement\":[{\"@type\":\"ListItem\",\"position\":1,\"name\":\"Startseite\",\"item\":\"https:\\\/\\\/montessori-traunstein.de\\\/\"},{\"@type\":\"ListItem\",\"position\":2,\"name\":\"\u201cManos que ayudan\u201d 2021\"}]},{\"@type\":\"WebSite\",\"@id\":\"https:\\\/\\\/montessori-traunstein.de\\\/#website\",\"url\":\"https:\\\/\\\/montessori-traunstein.de\\\/\",\"name\":\"Montessori-Schule Traunstein\",\"description\":\"Klassen 1-10\",\"publisher\":{\"@id\":\"https:\\\/\\\/montessori-traunstein.de\\\/#organization\"},\"potentialAction\":[{\"@type\":\"SearchAction\",\"target\":{\"@type\":\"EntryPoint\",\"urlTemplate\":\"https:\\\/\\\/montessori-traunstein.de\\\/?s={search_term_string}\"},\"query-input\":{\"@type\":\"PropertyValueSpecification\",\"valueRequired\":true,\"valueName\":\"search_term_string\"}}],\"inLanguage\":\"de\"},{\"@type\":\"Organization\",\"@id\":\"https:\\\/\\\/montessori-traunstein.de\\\/#organization\",\"name\":\"Montessori-Schule Traunstein\",\"url\":\"https:\\\/\\\/montessori-traunstein.de\\\/\",\"logo\":{\"@type\":\"ImageObject\",\"inLanguage\":\"de\",\"@id\":\"https:\\\/\\\/montessori-traunstein.de\\\/#\\\/schema\\\/logo\\\/image\\\/\",\"url\":\"https:\\\/\\\/montessori-traunstein.de\\\/wp-content\\\/uploads\\\/2020\\\/11\\\/cropped-Monte_Logo-e1438079341362.jpg\",\"contentUrl\":\"https:\\\/\\\/montessori-traunstein.de\\\/wp-content\\\/uploads\\\/2020\\\/11\\\/cropped-Monte_Logo-e1438079341362.jpg\",\"width\":512,\"height\":512,\"caption\":\"Montessori-Schule Traunstein\"},\"image\":{\"@id\":\"https:\\\/\\\/montessori-traunstein.de\\\/#\\\/schema\\\/logo\\\/image\\\/\"},\"sameAs\":[\"https:\\\/\\\/www.facebook.com\\\/montessoritraunstein\\\/\"]}]}<\/script>\n<!-- \/ Yoast SEO plugin. -->","yoast_head_json":{"title":"\u201cManos que ayudan\u201d 2021 &#8212; Montessori-Schule Traunstein","robots":{"index":"index","follow":"follow","max-snippet":"max-snippet:-1","max-image-preview":"max-image-preview:large","max-video-preview":"max-video-preview:-1"},"canonical":"https:\/\/montessori-traunstein.de\/index.php\/manos-que-ayudan-2021\/","og_locale":"de_DE","og_type":"article","og_title":"\u201cManos que ayudan\u201d 2021 &#8212; Montessori-Schule Traunstein","og_description":"Januar 2021 \u00a0Durch eure Spenden an Weihnachten, konnten wir einer jungen Familie mit drei Kindern den Start ins neue Jahr etwas erleichtern. Wir konnten ihnen einen Esstisch und ein gro\u00dfes Lebensmittelpaket kaufen.Danke f\u00fcr eure Unterst\u00fctzung!https:\/\/montessori-traunstein.de\/wp-content\/uploads\/2021\/01\/Januar-2021.mp4 Mai 2021 Diesen Monat konnten wir wieder jemandem behilflich sein. Die Dame ist Mitte 60 und leidet schon seit Jahren [&hellip;]","og_url":"https:\/\/montessori-traunstein.de\/index.php\/manos-que-ayudan-2021\/","og_site_name":"Montessori-Schule Traunstein","article_publisher":"https:\/\/www.facebook.com\/montessoritraunstein\/","article_modified_time":"2021-06-05T17:29:33+00:00","twitter_card":"summary_large_image","twitter_misc":{"Gesch\u00e4tzte Lesezeit":"1\u00a0Minute"},"schema":{"@context":"https:\/\/schema.org","@graph":[{"@type":"WebPage","@id":"https:\/\/montessori-traunstein.de\/index.php\/manos-que-ayudan-2021\/","url":"https:\/\/montessori-traunstein.de\/index.php\/manos-que-ayudan-2021\/","name":"\u201cManos que ayudan\u201d 2021 &#8212; Montessori-Schule Traunstein","isPartOf":{"@id":"https:\/\/montessori-traunstein.de\/#website"},"datePublished":"2021-01-25T11:40:55+00:00","dateModified":"2021-06-05T17:29:33+00:00","breadcrumb":{"@id":"https:\/\/montessori-traunstein.de\/index.php\/manos-que-ayudan-2021\/#breadcrumb"},"inLanguage":"de","potentialAction":[{"@type":"ReadAction","target":["https:\/\/montessori-traunstein.de\/index.php\/manos-que-ayudan-2021\/"]}]},{"@type":"BreadcrumbList","@id":"https:\/\/montessori-traunstein.de\/index.php\/manos-que-ayudan-2021\/#breadcrumb","itemListElement":[{"@type":"ListItem","position":1,"name":"Startseite","item":"https:\/\/montessori-traunstein.de\/"},{"@type":"ListItem","position":2,"name":"\u201cManos que ayudan\u201d 2021"}]},{"@type":"WebSite","@id":"https:\/\/montessori-traunstein.de\/#website","url":"https:\/\/montessori-traunstein.de\/","name":"Montessori-Schule Traunstein","description":"Klassen 1-10","publisher":{"@id":"https:\/\/montessori-traunstein.de\/#organization"},"potentialAction":[{"@type":"SearchAction","target":{"@type":"EntryPoint","urlTemplate":"https:\/\/montessori-traunstein.de\/?s={search_term_string}"},"query-input":{"@type":"PropertyValueSpecification","valueRequired":true,"valueName":"search_term_string"}}],"inLanguage":"de"},{"@type":"Organization","@id":"https:\/\/montessori-traunstein.de\/#organization","name":"Montessori-Schule Traunstein","url":"https:\/\/montessori-traunstein.de\/","logo":{"@type":"ImageObject","inLanguage":"de","@id":"https:\/\/montessori-traunstein.de\/#\/schema\/logo\/image\/","url":"https:\/\/montessori-traunstein.de\/wp-content\/uploads\/2020\/11\/cropped-Monte_Logo-e1438079341362.jpg","contentUrl":"https:\/\/montessori-traunstein.de\/wp-content\/uploads\/2020\/11\/cropped-Monte_Logo-e1438079341362.jpg","width":512,"height":512,"caption":"Montessori-Schule Traunstein"},"image":{"@id":"https:\/\/montessori-traunstein.de\/#\/schema\/logo\/image\/"},"sameAs":["https:\/\/www.facebook.com\/montessoritraunstein\/"]}]}},"_links":{"self":[{"href":"https:\/\/montessori-traunstein.de\/index.php\/wp-json\/wp\/v2\/pages\/4697","targetHints":{"allow":["GET"]}}],"collection":[{"href":"https:\/\/montessori-traunstein.de\/index.php\/wp-json\/wp\/v2\/pages"}],"about":[{"href":"https:\/\/montessori-traunstein.de\/index.php\/wp-json\/wp\/v2\/types\/page"}],"author":[{"embeddable":true,"href":"https:\/\/montessori-traunstein.de\/index.php\/wp-json\/wp\/v2\/users\/2"}],"replies":[{"embeddable":true,"href":"https:\/\/montessori-traunstein.de\/index.php\/wp-json\/wp\/v2\/comments?post=4697"}],"version-history":[{"count":28,"href":"https:\/\/montessori-traunstein.de\/index.php\/wp-json\/wp\/v2\/pages\/4697\/revisions"}],"predecessor-version":[{"id":5098,"href":"https:\/\/montessori-traunstein.de\/index.php\/wp-json\/wp\/v2\/pages\/4697\/revisions\/5098"}],"wp:attachment":[{"href":"https:\/\/montessori-traunstein.de\/index.php\/wp-json\/wp\/v2\/media?parent=4697"}],"wp:term":[{"taxonomy":"folder","embeddable":true,"href":"https:\/\/montessori-traunstein.de\/index.php\/wp-json\/wp\/v2\/folder?post=4697"}],"curies":[{"name":"wp","href":"https:\/\/api.w.org\/{rel}","templated":true}]}}