{"id":2960,"date":"2020-12-15T16:24:34","date_gmt":"2020-12-15T14:24:34","guid":{"rendered":"https:\/\/montessori-traunstein.de\/?page_id=2960"},"modified":"2021-01-25T12:39:11","modified_gmt":"2021-01-25T11:39:11","slug":"manos-que-ayudan-haende-die-helfen-2020","status":"publish","type":"page","link":"https:\/\/montessori-traunstein.de\/index.php\/manos-que-ayudan-haende-die-helfen-2020\/","title":{"rendered":"&#8222;Manos que ayudan&#8220; 2020"},"content":{"rendered":"\t\t<div data-elementor-type=\"wp-page\" data-elementor-id=\"2960\" class=\"elementor elementor-2960\" data-elementor-post-type=\"page\">\n\t\t\t\t\t\t<section class=\"elementor-section elementor-top-section elementor-element elementor-element-c61abb0 elementor-section-boxed elementor-section-height-default elementor-section-height-default\" data-id=\"c61abb0\" data-element_type=\"section\" data-e-type=\"section\">\n\t\t\t\t\t\t<div class=\"elementor-container elementor-column-gap-default\">\n\t\t\t\t\t<div class=\"elementor-column elementor-col-100 elementor-top-column elementor-element elementor-element-9a52099\" data-id=\"9a52099\" data-element_type=\"column\" data-e-type=\"column\">\n\t\t\t<div class=\"elementor-widget-wrap elementor-element-populated\">\n\t\t\t\t\t\t<div class=\"elementor-element elementor-element-2e7fa43 elementor-widget elementor-widget-text-editor\" data-id=\"2e7fa43\" data-element_type=\"widget\" data-e-type=\"widget\" data-widget_type=\"text-editor.default\">\n\t\t\t\t<div class=\"elementor-widget-container\">\n\t\t\t\t\t\t\t\t\t<p><span style=\"color: #800000; font-size: 18pt;\"><strong>Oktober 2020<\/strong><\/span><\/p><div><div class=\"default-style\">Uns hat ein Hilferuf erreicht von einem jungen Mann aus Las Galeras. Seine Mutter ist schwer krank &#8211; sie hat Krebs, wie auch einige andere, die wir bereits unterst\u00fctzt haben. Da wir aufgrund der aktuellen Situation in den letzten Monaten keine Spendenaktionen durchf\u00fchren konnten, konnten wir nur mit einem kleinen Geldbetrag helfen. Die Freude dar\u00fcber war aber nicht weniger gro\u00df!<\/div><div class=\"default-style\">Wir hoffen schon bald wieder Spenden sammeln zu k\u00f6nnen. Wenn ihr eine gute Idee habt, meldet euch einfach bei Anna in der O3! Spenden sind nat\u00fcrlich jederzeit auch ohne Aktion willkommen!<\/div><div class=\"default-style\">\u00a0<\/div><\/div>\t\t\t\t\t\t\t\t<\/div>\n\t\t\t\t<\/div>\n\t\t\t\t<div class=\"elementor-element elementor-element-c061e47 elementor-widget-divider--view-line elementor-widget elementor-widget-divider\" data-id=\"c061e47\" data-element_type=\"widget\" data-e-type=\"widget\" data-widget_type=\"divider.default\">\n\t\t\t\t<div class=\"elementor-widget-container\">\n\t\t\t\t\t\t\t<div class=\"elementor-divider\">\n\t\t\t<span class=\"elementor-divider-separator\">\n\t\t\t\t\t\t<\/span>\n\t\t<\/div>\n\t\t\t\t\t\t<\/div>\n\t\t\t\t<\/div>\n\t\t\t\t<div class=\"elementor-element elementor-element-ab7b45e elementor-widget elementor-widget-text-editor\" data-id=\"ab7b45e\" data-element_type=\"widget\" data-e-type=\"widget\" data-widget_type=\"text-editor.default\">\n\t\t\t\t<div class=\"elementor-widget-container\">\n\t\t\t\t\t\t\t\t\t<p><span style=\"color: #800000; font-size: 18pt;\"><strong>Januar 2020<\/strong><\/span><\/p>\n<div><span style=\"color: #000000; font-size: 12pt;\">Zeitgleich zu einer gro\u00dfz\u00fcgigen Spende der Klasse M4 (DANKE euch und Andreas!) hat uns der n\u00e4chste Hilferuf erreicht. <\/span><\/div>\n<div><span style=\"color: #000000; font-size: 12pt;\">Priscila ist eine lebensfrohe junge Frau Anfang 30 aus Las Galeras, die schon seit fast 5 Jahren um ihr Leben k\u00e4mpft &#8211; Krebs. Kaum geht es ihr besser und man sch\u00f6pft Hoffnung, ereilt sie der n\u00e4chste R\u00fcckschlag. Sie hat zahlreiche Operationen und Chemotherapien hinter sich. Trotz allem ist sie ein unglaublich positiver Mensch. In unserem Videogespr\u00e4ch vor ein paar Tagen versucht sie m\u00fcde in die Kamera zu l\u00e4cheln und spricht davon wie dankbar sie ist leben zu d\u00fcrfen und wundervolle Menschen um sich zu haben. Dann zeigt sie uns ihre Narbe (siehe Foto) und wir sind ersch\u00fcttert. <\/span><\/div>\n<div><span style=\"color: #000000; font-size: 12pt;\">Gerade war sie wieder l\u00e4ngere Zeit im Krankenhaus und musste eine weitere Chemotherapie \u00fcber sich ergehen lassen. Zur Genesung muss sie nun starke Medikamente zu sich nehmen, die sie sich aber nicht leisten kann. Wir freuen uns, dass wir ihr&nbsp;einen Teil davon besorgen und ihr&nbsp;somit auf ihrem Weg Richtung Heilung helfen konnten.<\/span><\/div>\t\t\t\t\t\t\t\t<\/div>\n\t\t\t\t<\/div>\n\t\t\t\t<div class=\"elementor-element elementor-element-6b02228 elementor-skin-coverflow elementor-arrows-yes elementor-pagination-type-bullets elementor-pagination-position-outside elementor-widget elementor-widget-media-carousel\" data-id=\"6b02228\" data-element_type=\"widget\" data-e-type=\"widget\" data-settings=\"{&quot;skin&quot;:&quot;coverflow&quot;,&quot;show_arrows&quot;:&quot;yes&quot;,&quot;pagination&quot;:&quot;bullets&quot;,&quot;speed&quot;:500,&quot;autoplay&quot;:&quot;yes&quot;,&quot;autoplay_speed&quot;:5000,&quot;loop&quot;:&quot;yes&quot;,&quot;pause_on_hover&quot;:&quot;yes&quot;,&quot;pause_on_interaction&quot;:&quot;yes&quot;,&quot;space_between&quot;:{&quot;unit&quot;:&quot;px&quot;,&quot;size&quot;:10,&quot;sizes&quot;:[]},&quot;space_between_tablet&quot;:{&quot;unit&quot;:&quot;px&quot;,&quot;size&quot;:10,&quot;sizes&quot;:[]},&quot;space_between_mobile&quot;:{&quot;unit&quot;:&quot;px&quot;,&quot;size&quot;:10,&quot;sizes&quot;:[]}}\" data-widget_type=\"media-carousel.default\">\n\t\t\t\t<div class=\"elementor-widget-container\">\n\t\t\t\t\t\t\t\t\t<div class=\"elementor-swiper\">\n\t\t\t\t\t<div class=\"elementor-main-swiper swiper\" role=\"region\" aria-roledescription=\"carousel\" aria-label=\"Slider\">\n\t\t\t\t<div class=\"swiper-wrapper\">\n\t\t\t\t\t\t\t\t\t\t\t<div class=\"swiper-slide\" role=\"group\" aria-roledescription=\"slide\">\n\t\t\t\t\t\t\t<a href=\"https:\/\/montessori-traunstein.de\/wp-content\/uploads\/2021\/01\/Januar-2020.jpg\" data-elementor-open-lightbox=\"yes\" data-elementor-lightbox-slideshow=\"6b02228\" data-e-action-hash=\"#elementor-action%3Aaction%3Dlightbox%26settings%3DeyJpZCI6NDY5MCwidXJsIjpmYWxzZSwic2xpZGVzaG93IjoiNmIwMjIyOCJ9\">\t\t<div class=\"elementor-carousel-image\" role=\"img\" aria-label=\"\" style=\"background-image: url(&#039;https:\/\/montessori-traunstein.de\/wp-content\/uploads\/2021\/01\/Januar-2020.jpg&#039;)\">\n\n\t\t\t\n\t\t\t\t\t<\/div>\n\t\t<\/a>\t\t\t\t\t\t<\/div>\n\t\t\t\t\t\t\t\t\t\t\t<div class=\"swiper-slide\" role=\"group\" aria-roledescription=\"slide\">\n\t\t\t\t\t\t\t<a href=\"https:\/\/montessori-traunstein.de\/wp-content\/uploads\/2021\/01\/Januar-2020-2.jpg\" data-elementor-open-lightbox=\"yes\" data-elementor-lightbox-slideshow=\"6b02228\" data-elementor-lightbox-title=\"Januar 2020 2\" data-e-action-hash=\"#elementor-action%3Aaction%3Dlightbox%26settings%3DeyJpZCI6NDY4OSwidXJsIjoiaHR0cHM6XC9cL21vbnRlc3NvcmktdHJhdW5zdGVpbi5kZVwvd3AtY29udGVudFwvdXBsb2Fkc1wvMjAyMVwvMDFcL0phbnVhci0yMDIwLTIuanBnIiwic2xpZGVzaG93IjoiNmIwMjIyOCJ9\">\t\t<div class=\"elementor-carousel-image\" role=\"img\" aria-label=\"Januar 2020 2\" style=\"background-image: url(&#039;https:\/\/montessori-traunstein.de\/wp-content\/uploads\/2021\/01\/Januar-2020-2.jpg&#039;)\">\n\n\t\t\t\n\t\t\t\t\t<\/div>\n\t\t<\/a>\t\t\t\t\t\t<\/div>\n\t\t\t\t\t\t\t\t\t<\/div>\n\t\t\t\t\t\t\t\t\t\t\t\t\t\t\t<div class=\"elementor-swiper-button elementor-swiper-button-prev\" role=\"button\" tabindex=\"0\" aria-label=\"Voriger\">\n\t\t\t\t\t\t\t<i aria-hidden=\"true\" class=\"eicon-chevron-left\"><\/i>\t\t\t\t\t\t<\/div>\n\t\t\t\t\t\t<div class=\"elementor-swiper-button elementor-swiper-button-next\" role=\"button\" tabindex=\"0\" aria-label=\"N\u00e4chster\">\n\t\t\t\t\t\t\t<i aria-hidden=\"true\" class=\"eicon-chevron-right\"><\/i>\t\t\t\t\t\t<\/div>\n\t\t\t\t\t\t\t\t\t\t\t\t\t\t\t\t<div class=\"swiper-pagination\"><\/div>\n\t\t\t\t\t\t\t\t\t\t\t\t<\/div>\n\t\t\t\t<\/div>\n\t\t\t\t\t\t\t\t<\/div>\n\t\t\t\t<\/div>\n\t\t\t\t\t<\/div>\n\t\t<\/div>\n\t\t\t\t\t<\/div>\n\t\t<\/section>\n\t\t\t\t<\/div>\n\t\t","protected":false},"excerpt":{"rendered":"<p>Oktober 2020 Uns hat ein Hilferuf erreicht von einem jungen Mann aus Las Galeras. Seine Mutter ist schwer krank &#8211; sie hat Krebs, wie auch einige andere, die wir bereits unterst\u00fctzt haben. Da wir aufgrund der aktuellen Situation in den letzten Monaten keine Spendenaktionen durchf\u00fchren konnten, konnten wir nur mit einem kleinen Geldbetrag helfen. Die [&hellip;]<\/p>\n","protected":false},"author":2,"featured_media":0,"parent":0,"menu_order":0,"comment_status":"closed","ping_status":"closed","template":"","meta":{"footnotes":""},"folder":[],"class_list":["post-2960","page","type-page","status-publish","hentry"],"yoast_head":"<!-- This site is optimized with the Yoast SEO plugin v27.4 - https:\/\/yoast.com\/product\/yoast-seo-wordpress\/ -->\n<title>&quot;Manos que ayudan&quot; 2020 &#8212; Montessori-Schule Traunstein<\/title>\n<meta name=\"robots\" content=\"index, follow, max-snippet:-1, max-image-preview:large, max-video-preview:-1\" \/>\n<link rel=\"canonical\" href=\"https:\/\/montessori-traunstein.de\/index.php\/manos-que-ayudan-haende-die-helfen-2020\/\" \/>\n<meta property=\"og:locale\" content=\"de_DE\" \/>\n<meta property=\"og:type\" content=\"article\" \/>\n<meta property=\"og:title\" content=\"&quot;Manos que ayudan&quot; 2020 &#8212; Montessori-Schule Traunstein\" \/>\n<meta property=\"og:description\" content=\"Oktober 2020 Uns hat ein Hilferuf erreicht von einem jungen Mann aus Las Galeras. Seine Mutter ist schwer krank &#8211; sie hat Krebs, wie auch einige andere, die wir bereits unterst\u00fctzt haben. Da wir aufgrund der aktuellen Situation in den letzten Monaten keine Spendenaktionen durchf\u00fchren konnten, konnten wir nur mit einem kleinen Geldbetrag helfen. Die [&hellip;]\" \/>\n<meta property=\"og:url\" content=\"https:\/\/montessori-traunstein.de\/index.php\/manos-que-ayudan-haende-die-helfen-2020\/\" \/>\n<meta property=\"og:site_name\" content=\"Montessori-Schule Traunstein\" \/>\n<meta property=\"article:publisher\" content=\"https:\/\/www.facebook.com\/montessoritraunstein\/\" \/>\n<meta property=\"article:modified_time\" content=\"2021-01-25T11:39:11+00:00\" \/>\n<meta name=\"twitter:card\" content=\"summary_large_image\" \/>\n<meta name=\"twitter:label1\" content=\"Gesch\u00e4tzte Lesezeit\" \/>\n\t<meta name=\"twitter:data1\" content=\"2\u00a0Minuten\" \/>\n<script type=\"application\/ld+json\" class=\"yoast-schema-graph\">{\"@context\":\"https:\\\/\\\/schema.org\",\"@graph\":[{\"@type\":\"WebPage\",\"@id\":\"https:\\\/\\\/montessori-traunstein.de\\\/index.php\\\/manos-que-ayudan-haende-die-helfen-2020\\\/\",\"url\":\"https:\\\/\\\/montessori-traunstein.de\\\/index.php\\\/manos-que-ayudan-haende-die-helfen-2020\\\/\",\"name\":\"\\\"Manos que ayudan\\\" 2020 &#8212; Montessori-Schule Traunstein\",\"isPartOf\":{\"@id\":\"https:\\\/\\\/montessori-traunstein.de\\\/#website\"},\"datePublished\":\"2020-12-15T14:24:34+00:00\",\"dateModified\":\"2021-01-25T11:39:11+00:00\",\"breadcrumb\":{\"@id\":\"https:\\\/\\\/montessori-traunstein.de\\\/index.php\\\/manos-que-ayudan-haende-die-helfen-2020\\\/#breadcrumb\"},\"inLanguage\":\"de\",\"potentialAction\":[{\"@type\":\"ReadAction\",\"target\":[\"https:\\\/\\\/montessori-traunstein.de\\\/index.php\\\/manos-que-ayudan-haende-die-helfen-2020\\\/\"]}]},{\"@type\":\"BreadcrumbList\",\"@id\":\"https:\\\/\\\/montessori-traunstein.de\\\/index.php\\\/manos-que-ayudan-haende-die-helfen-2020\\\/#breadcrumb\",\"itemListElement\":[{\"@type\":\"ListItem\",\"position\":1,\"name\":\"Startseite\",\"item\":\"https:\\\/\\\/montessori-traunstein.de\\\/\"},{\"@type\":\"ListItem\",\"position\":2,\"name\":\"&#8220;Manos que ayudan&#8221; 2020\"}]},{\"@type\":\"WebSite\",\"@id\":\"https:\\\/\\\/montessori-traunstein.de\\\/#website\",\"url\":\"https:\\\/\\\/montessori-traunstein.de\\\/\",\"name\":\"Montessori-Schule Traunstein\",\"description\":\"Klassen 1-10\",\"publisher\":{\"@id\":\"https:\\\/\\\/montessori-traunstein.de\\\/#organization\"},\"potentialAction\":[{\"@type\":\"SearchAction\",\"target\":{\"@type\":\"EntryPoint\",\"urlTemplate\":\"https:\\\/\\\/montessori-traunstein.de\\\/?s={search_term_string}\"},\"query-input\":{\"@type\":\"PropertyValueSpecification\",\"valueRequired\":true,\"valueName\":\"search_term_string\"}}],\"inLanguage\":\"de\"},{\"@type\":\"Organization\",\"@id\":\"https:\\\/\\\/montessori-traunstein.de\\\/#organization\",\"name\":\"Montessori-Schule Traunstein\",\"url\":\"https:\\\/\\\/montessori-traunstein.de\\\/\",\"logo\":{\"@type\":\"ImageObject\",\"inLanguage\":\"de\",\"@id\":\"https:\\\/\\\/montessori-traunstein.de\\\/#\\\/schema\\\/logo\\\/image\\\/\",\"url\":\"https:\\\/\\\/montessori-traunstein.de\\\/wp-content\\\/uploads\\\/2020\\\/11\\\/cropped-Monte_Logo-e1438079341362.jpg\",\"contentUrl\":\"https:\\\/\\\/montessori-traunstein.de\\\/wp-content\\\/uploads\\\/2020\\\/11\\\/cropped-Monte_Logo-e1438079341362.jpg\",\"width\":512,\"height\":512,\"caption\":\"Montessori-Schule Traunstein\"},\"image\":{\"@id\":\"https:\\\/\\\/montessori-traunstein.de\\\/#\\\/schema\\\/logo\\\/image\\\/\"},\"sameAs\":[\"https:\\\/\\\/www.facebook.com\\\/montessoritraunstein\\\/\"]}]}<\/script>\n<!-- \/ Yoast SEO plugin. -->","yoast_head_json":{"title":"\"Manos que ayudan\" 2020 &#8212; Montessori-Schule Traunstein","robots":{"index":"index","follow":"follow","max-snippet":"max-snippet:-1","max-image-preview":"max-image-preview:large","max-video-preview":"max-video-preview:-1"},"canonical":"https:\/\/montessori-traunstein.de\/index.php\/manos-que-ayudan-haende-die-helfen-2020\/","og_locale":"de_DE","og_type":"article","og_title":"\"Manos que ayudan\" 2020 &#8212; Montessori-Schule Traunstein","og_description":"Oktober 2020 Uns hat ein Hilferuf erreicht von einem jungen Mann aus Las Galeras. Seine Mutter ist schwer krank &#8211; sie hat Krebs, wie auch einige andere, die wir bereits unterst\u00fctzt haben. Da wir aufgrund der aktuellen Situation in den letzten Monaten keine Spendenaktionen durchf\u00fchren konnten, konnten wir nur mit einem kleinen Geldbetrag helfen. Die [&hellip;]","og_url":"https:\/\/montessori-traunstein.de\/index.php\/manos-que-ayudan-haende-die-helfen-2020\/","og_site_name":"Montessori-Schule Traunstein","article_publisher":"https:\/\/www.facebook.com\/montessoritraunstein\/","article_modified_time":"2021-01-25T11:39:11+00:00","twitter_card":"summary_large_image","twitter_misc":{"Gesch\u00e4tzte Lesezeit":"2\u00a0Minuten"},"schema":{"@context":"https:\/\/schema.org","@graph":[{"@type":"WebPage","@id":"https:\/\/montessori-traunstein.de\/index.php\/manos-que-ayudan-haende-die-helfen-2020\/","url":"https:\/\/montessori-traunstein.de\/index.php\/manos-que-ayudan-haende-die-helfen-2020\/","name":"\"Manos que ayudan\" 2020 &#8212; Montessori-Schule Traunstein","isPartOf":{"@id":"https:\/\/montessori-traunstein.de\/#website"},"datePublished":"2020-12-15T14:24:34+00:00","dateModified":"2021-01-25T11:39:11+00:00","breadcrumb":{"@id":"https:\/\/montessori-traunstein.de\/index.php\/manos-que-ayudan-haende-die-helfen-2020\/#breadcrumb"},"inLanguage":"de","potentialAction":[{"@type":"ReadAction","target":["https:\/\/montessori-traunstein.de\/index.php\/manos-que-ayudan-haende-die-helfen-2020\/"]}]},{"@type":"BreadcrumbList","@id":"https:\/\/montessori-traunstein.de\/index.php\/manos-que-ayudan-haende-die-helfen-2020\/#breadcrumb","itemListElement":[{"@type":"ListItem","position":1,"name":"Startseite","item":"https:\/\/montessori-traunstein.de\/"},{"@type":"ListItem","position":2,"name":"&#8220;Manos que ayudan&#8221; 2020"}]},{"@type":"WebSite","@id":"https:\/\/montessori-traunstein.de\/#website","url":"https:\/\/montessori-traunstein.de\/","name":"Montessori-Schule Traunstein","description":"Klassen 1-10","publisher":{"@id":"https:\/\/montessori-traunstein.de\/#organization"},"potentialAction":[{"@type":"SearchAction","target":{"@type":"EntryPoint","urlTemplate":"https:\/\/montessori-traunstein.de\/?s={search_term_string}"},"query-input":{"@type":"PropertyValueSpecification","valueRequired":true,"valueName":"search_term_string"}}],"inLanguage":"de"},{"@type":"Organization","@id":"https:\/\/montessori-traunstein.de\/#organization","name":"Montessori-Schule Traunstein","url":"https:\/\/montessori-traunstein.de\/","logo":{"@type":"ImageObject","inLanguage":"de","@id":"https:\/\/montessori-traunstein.de\/#\/schema\/logo\/image\/","url":"https:\/\/montessori-traunstein.de\/wp-content\/uploads\/2020\/11\/cropped-Monte_Logo-e1438079341362.jpg","contentUrl":"https:\/\/montessori-traunstein.de\/wp-content\/uploads\/2020\/11\/cropped-Monte_Logo-e1438079341362.jpg","width":512,"height":512,"caption":"Montessori-Schule Traunstein"},"image":{"@id":"https:\/\/montessori-traunstein.de\/#\/schema\/logo\/image\/"},"sameAs":["https:\/\/www.facebook.com\/montessoritraunstein\/"]}]}},"_links":{"self":[{"href":"https:\/\/montessori-traunstein.de\/index.php\/wp-json\/wp\/v2\/pages\/2960","targetHints":{"allow":["GET"]}}],"collection":[{"href":"https:\/\/montessori-traunstein.de\/index.php\/wp-json\/wp\/v2\/pages"}],"about":[{"href":"https:\/\/montessori-traunstein.de\/index.php\/wp-json\/wp\/v2\/types\/page"}],"author":[{"embeddable":true,"href":"https:\/\/montessori-traunstein.de\/index.php\/wp-json\/wp\/v2\/users\/2"}],"replies":[{"embeddable":true,"href":"https:\/\/montessori-traunstein.de\/index.php\/wp-json\/wp\/v2\/comments?post=2960"}],"version-history":[{"count":25,"href":"https:\/\/montessori-traunstein.de\/index.php\/wp-json\/wp\/v2\/pages\/2960\/revisions"}],"predecessor-version":[{"id":4696,"href":"https:\/\/montessori-traunstein.de\/index.php\/wp-json\/wp\/v2\/pages\/2960\/revisions\/4696"}],"wp:attachment":[{"href":"https:\/\/montessori-traunstein.de\/index.php\/wp-json\/wp\/v2\/media?parent=2960"}],"wp:term":[{"taxonomy":"folder","embeddable":true,"href":"https:\/\/montessori-traunstein.de\/index.php\/wp-json\/wp\/v2\/folder?post=2960"}],"curies":[{"name":"wp","href":"https:\/\/api.w.org\/{rel}","templated":true}]}}