{"id":2952,"date":"2020-12-15T16:21:39","date_gmt":"2020-12-15T14:21:39","guid":{"rendered":"https:\/\/montessori-traunstein.de\/?page_id=2952"},"modified":"2021-01-25T12:50:57","modified_gmt":"2021-01-25T11:50:57","slug":"manos-que-ayudan-haende-die-helfen-2019","status":"publish","type":"page","link":"https:\/\/montessori-traunstein.de\/index.php\/manos-que-ayudan-haende-die-helfen-2019\/","title":{"rendered":"&#8222;Manos que ayudan&#8220; 2019"},"content":{"rendered":"\t\t<div data-elementor-type=\"wp-page\" data-elementor-id=\"2952\" class=\"elementor elementor-2952\" data-elementor-post-type=\"page\">\n\t\t\t\t\t\t<section class=\"elementor-section elementor-top-section elementor-element elementor-element-f15addf elementor-section-boxed elementor-section-height-default elementor-section-height-default\" data-id=\"f15addf\" data-element_type=\"section\" data-e-type=\"section\">\n\t\t\t\t\t\t<div class=\"elementor-container elementor-column-gap-default\">\n\t\t\t\t\t<div class=\"elementor-column elementor-col-100 elementor-top-column elementor-element elementor-element-1670824\" data-id=\"1670824\" data-element_type=\"column\" data-e-type=\"column\">\n\t\t\t<div class=\"elementor-widget-wrap elementor-element-populated\">\n\t\t\t\t\t\t<div class=\"elementor-element elementor-element-4b3aae1 elementor-widget elementor-widget-text-editor\" data-id=\"4b3aae1\" data-element_type=\"widget\" data-e-type=\"widget\" data-widget_type=\"text-editor.default\">\n\t\t\t\t<div class=\"elementor-widget-container\">\n\t\t\t\t\t\t\t\t\t<p><span style=\"color: #800000;\"><strong><span style=\"font-size: 18pt;\">Dezember 2019<\/span><\/strong><\/span><\/p><p><span style=\"color: #000000; font-size: 14pt;\">Helfende H\u00e4nde zu Weihnachten<\/span><br \/><span style=\"color: #000000; font-size: 14pt;\">Bei einem ehemaligen Schulkameraden von Alejandro wurde vor ca. einem Jahr ein Hirntumor diagnostiziert. Er musste seine Arbeit aufgeben. Seitdem hatte der Anfang 30-j\u00e4hrige zwei schwere Operationen. Sein Zustand ist sehr schlecht, er kann nicht mehr alleine gehen.\u00a0<\/span><br \/><span style=\"color: #000000; font-size: 14pt;\">In der Dominikanischen Republik haben die allerwenigsten Menschen eine Krankenversicherung. Das hei\u00dft, jedes Medikament, jeder Arztbesuch, jede Operation muss aus eigener Tasche gezahlt werden. <\/span><span style=\"color: #000000; font-size: 14pt;\">Der junge Mann kann im Moment nicht weiter behandelt werden, da er kein Geld daf\u00fcr hat. Deshalb haben wir &#8211; und auch andere Freunde und Bekannte, die in Europa leben &#8211; beschlossen, ihm gemeinsam zu Weihnachten ein Geschenk zu machen. Wir freuen uns, dass wir einen kleinen Teil zu diesem sicherlich hilfreichen Projekt beisteuern konnten und hoffen, dass es Alesander bald wieder besser geht!<\/span><\/p>\t\t\t\t\t\t\t\t<\/div>\n\t\t\t\t<\/div>\n\t\t\t\t<div class=\"elementor-element elementor-element-178e3ca elementor-widget-divider--view-line elementor-widget elementor-widget-divider\" data-id=\"178e3ca\" data-element_type=\"widget\" data-e-type=\"widget\" data-widget_type=\"divider.default\">\n\t\t\t\t<div class=\"elementor-widget-container\">\n\t\t\t\t\t\t\t<div class=\"elementor-divider\">\n\t\t\t<span class=\"elementor-divider-separator\">\n\t\t\t\t\t\t<\/span>\n\t\t<\/div>\n\t\t\t\t\t\t<\/div>\n\t\t\t\t<\/div>\n\t\t\t\t<div class=\"elementor-element elementor-element-ff44ce3 elementor-widget elementor-widget-text-editor\" data-id=\"ff44ce3\" data-element_type=\"widget\" data-e-type=\"widget\" data-widget_type=\"text-editor.default\">\n\t\t\t\t<div class=\"elementor-widget-container\">\n\t\t\t\t\t\t\t\t\t<p><strong style=\"color: #800000; font-size: 18pt;\">November 2019<\/strong><\/p><p><span style=\"color: #000000; font-size: 14pt;\">Weihnachten ist in der Dominikanischen Republik das wichtigste Fest des Jahres. Die ganze Familie &#8211; von den Urgro\u00dfeltern bis zu den Urenkeln &#8211; kommt zusammen und bereitet ein gro\u00dfes Festessen zu. Geschenke gibt es normalerweise nicht. Daf\u00fcr fehlt einfach das Geld. Einen sch\u00f6nen Abend mit der Familie zu verbringen ist Geschenk genug.<br \/>P\u00fcnktlich zur Adventszeit haben wir wieder einen Gro\u00dfeinkauf gestartet und in einem der \u00e4rmsten Ortsteile von Las Galeras Lebensmittelpakete verschenkt. Wir konnten vielen Menschen ein L\u00e4cheln ins Gesicht zaubern und sie zumindest einen Teil ihrer Sorgen vergessen lassen.<\/span><\/p><p><span style=\"color: #000000; font-size: 14pt;\">\u00a0<\/span><\/p><p><div style=\"width: 800px;\" class=\"wp-video\"><video class=\"wp-video-shortcode\" id=\"video-2952-1\" width=\"800\" height=\"453\" preload=\"metadata\" controls=\"controls\"><source type=\"video\/mp4\" src=\"https:\/\/montessori-traunstein.de\/wp-content\/uploads\/2020\/12\/VID-20191120-WA0002.mp4?_=1\" \/><a href=\"https:\/\/montessori-traunstein.de\/wp-content\/uploads\/2020\/12\/VID-20191120-WA0002.mp4\">https:\/\/montessori-traunstein.de\/wp-content\/uploads\/2020\/12\/VID-20191120-WA0002.mp4<\/a><\/video><\/div><\/p><p><div style=\"width: 800px;\" class=\"wp-video\"><video class=\"wp-video-shortcode\" id=\"video-2952-2\" width=\"800\" height=\"453\" preload=\"metadata\" controls=\"controls\"><source type=\"video\/mp4\" src=\"https:\/\/montessori-traunstein.de\/wp-content\/uploads\/2020\/12\/VID-20191120-WA0004.mp4?_=2\" \/><a href=\"https:\/\/montessori-traunstein.de\/wp-content\/uploads\/2020\/12\/VID-20191120-WA0004.mp4\">https:\/\/montessori-traunstein.de\/wp-content\/uploads\/2020\/12\/VID-20191120-WA0004.mp4<\/a><\/video><\/div><\/p><p><div style=\"width: 800px;\" class=\"wp-video\"><video class=\"wp-video-shortcode\" id=\"video-2952-3\" width=\"800\" height=\"453\" preload=\"metadata\" controls=\"controls\"><source type=\"video\/mp4\" src=\"https:\/\/montessori-traunstein.de\/wp-content\/uploads\/2020\/12\/VID-20191120-WA0006.mp4?_=3\" \/><a href=\"https:\/\/montessori-traunstein.de\/wp-content\/uploads\/2020\/12\/VID-20191120-WA0006.mp4\">https:\/\/montessori-traunstein.de\/wp-content\/uploads\/2020\/12\/VID-20191120-WA0006.mp4<\/a><\/video><\/div><\/p><p><div style=\"width: 800px;\" class=\"wp-video\"><video class=\"wp-video-shortcode\" id=\"video-2952-4\" width=\"800\" height=\"453\" preload=\"metadata\" controls=\"controls\"><source type=\"video\/mp4\" src=\"https:\/\/montessori-traunstein.de\/wp-content\/uploads\/2020\/12\/VID-20191120-WA0008.mp4?_=4\" \/><a href=\"https:\/\/montessori-traunstein.de\/wp-content\/uploads\/2020\/12\/VID-20191120-WA0008.mp4\">https:\/\/montessori-traunstein.de\/wp-content\/uploads\/2020\/12\/VID-20191120-WA0008.mp4<\/a><\/video><\/div><\/p><p>\u00a0<\/p><hr \/><p><span style=\"color: #000000; font-size: 14pt;\">\u00a0<\/span><\/p><p><span style=\"color: #000000; font-size: 14pt;\">Ein gro\u00dfes Dankesch\u00f6n geht dieses Mal an Barbara Jilg und Zo\u00e9 M\u00f6ckel (und Mentorin Ida Oettl) aus der MO! Die beiden haben vergangenes Schuljahr im Zuge der KPA (Kleine Praktische Arbeit) gemeinsam das Buch &#8222;Bella Birnenbaum &#8211; Wie Schule Spa\u00df macht&#8220; geschrieben, illustriert und binden lassen. In den letzten Monaten konnten sie einige ihrer Exemplare verkaufen. Den gesamten Erl\u00f6s haben sie nun unserem Projekt in der Dominikanischen Republik gespendet!<\/span><br \/><span style=\"color: #000000; font-size: 14pt;\">Danke f\u00fcr diesen tollen Beitrag und euer gro\u00dfes Herz!<\/span><br \/><span style=\"color: #000000; font-size: 14pt;\">Anna &amp; Alejandro im Namen aller \ud83d\ude42<\/span><\/p>\t\t\t\t\t\t\t\t<\/div>\n\t\t\t\t<\/div>\n\t\t\t\t<div class=\"elementor-element elementor-element-58d8353 elementor-widget-divider--view-line elementor-widget elementor-widget-divider\" data-id=\"58d8353\" data-element_type=\"widget\" data-e-type=\"widget\" data-widget_type=\"divider.default\">\n\t\t\t\t<div class=\"elementor-widget-container\">\n\t\t\t\t\t\t\t<div class=\"elementor-divider\">\n\t\t\t<span class=\"elementor-divider-separator\">\n\t\t\t\t\t\t<\/span>\n\t\t<\/div>\n\t\t\t\t\t\t<\/div>\n\t\t\t\t<\/div>\n\t\t\t\t<div class=\"elementor-element elementor-element-192b828 elementor-widget elementor-widget-text-editor\" data-id=\"192b828\" data-element_type=\"widget\" data-e-type=\"widget\" data-widget_type=\"text-editor.default\">\n\t\t\t\t<div class=\"elementor-widget-container\">\n\t\t\t\t\t\t\t\t\t<p><span style=\"font-size: 18pt; color: #800000;\"><strong>Oktober 2019<\/strong><\/span><\/p><p><span style=\"font-size: 14pt; color: #000000;\">Am Donnerstag, 17. Oktober, fand im Rahmen des Nachmittagsprojekts &#8222;Schule Sozial&#8220; in der Pause ein Kuchenverkauf statt. Der Erl\u00f6s des Kuchenverkaufs kommt den beiden Projekten f\u00fcr Haiti und Las Galeras zugute. Dank der flei\u00dfigen Kuchenb\u00e4cker, Verk\u00e4ufer, K\u00e4ufer und der Betreuung von Anja und Christine konnte die grandiose Summe von rund 266.- Euro eingenommen werden.<\/span><br \/><span style=\"font-size: 14pt; color: #000000;\">Ein herzliches Dankesch\u00f6n an alle Beteiligten!<\/span><\/p>\t\t\t\t\t\t\t\t<\/div>\n\t\t\t\t<\/div>\n\t\t\t\t<div class=\"elementor-element elementor-element-1f481ea elementor-widget-divider--view-line elementor-widget elementor-widget-divider\" data-id=\"1f481ea\" data-element_type=\"widget\" data-e-type=\"widget\" data-widget_type=\"divider.default\">\n\t\t\t\t<div class=\"elementor-widget-container\">\n\t\t\t\t\t\t\t<div class=\"elementor-divider\">\n\t\t\t<span class=\"elementor-divider-separator\">\n\t\t\t\t\t\t<\/span>\n\t\t<\/div>\n\t\t\t\t\t\t<\/div>\n\t\t\t\t<\/div>\n\t\t\t\t<div class=\"elementor-element elementor-element-5f3929c elementor-widget elementor-widget-text-editor\" data-id=\"5f3929c\" data-element_type=\"widget\" data-e-type=\"widget\" data-widget_type=\"text-editor.default\">\n\t\t\t\t<div class=\"elementor-widget-container\">\n\t\t\t\t\t\t\t\t\t<p><span style=\"color: #800000; font-size: 18pt;\"><strong>Juni 2019<\/strong><\/span><\/p><p><span style=\"font-size: 14pt; color: #000000;\">Es gibt Neuigkeiten vom Spendenprojekt in Las Galeras!<\/span><\/p><p><span style=\"font-size: 14pt; color: #000000;\">Nachdem im Mai 2019 die Benefizauff\u00fchrung des Musicals Emily stattfand, bei der wir viele Spenden sammeln konnten, konnten wir in Las Galeras wieder einiges bewirken.<\/span><\/p><p><span style=\"font-size: 14pt; color: #000000;\">Eines der gr\u00f6\u00dften Probleme der Dominikanischen Republik ist die Sicherheit. Gro\u00dfst\u00e4dte sind davon zwar bei weitem mehr betroffen, dennoch ist auch auf dem Land, wie z.B. in Las Galeras, vor allem nachts h\u00f6chste Vorsicht geboten. Man sollte sich weder als Tourist, noch als Einheimischer im Dunkeln alleine auf den Stra\u00dfen oder am Strand aufhalten. Um diesem Problem zumindest ein bisschen entgegen zu wirken, haben wir Stra\u00dfenlaternen installiert, die dunkle Ecken des Ortes in der Nacht beleuchten, damit alle sicherer nach Hause kommen.<\/span><\/p><p><span style=\"font-size: 14pt; color: #000000;\">Au\u00dferdem konnten wir einer kleinen Kirchengemeinschaft helfen, die in ihrer Kirche keine sanit\u00e4ren Anlagen hatten. Mit unserer Hilfe konnte eine kleine Toilette gebaut werden, die die Treffen und Gottesdienste nun viel angenehmer macht.<\/span><\/p><p><span style=\"font-size: 14pt; color: #000000;\">Einen weiteren Teil der Spenden \u00fcbergaben wir alten und kranken Menschen, die pflegebed\u00fcrftig sind und nicht mehr aufstehen k\u00f6nnen. Somit sind, zumindest f\u00fcr die n\u00e4chste Zeit, die Kosten f\u00fcr Medikamente und Nahrungsmittel gedeckt.<\/span><\/p><p><span style=\"font-size: 14pt; color: #000000;\">Vielen Dank an die gro\u00dfz\u00fcgigen Spenden!<\/span><\/p><p><span style=\"font-size: 14pt; color: #000000;\">Anna Ciprian E.<\/span><\/p>\t\t\t\t\t\t\t\t<\/div>\n\t\t\t\t<\/div>\n\t\t\t\t<div class=\"elementor-element elementor-element-93400b0 elementor-widget elementor-widget-video\" data-id=\"93400b0\" data-element_type=\"widget\" data-e-type=\"widget\" data-settings=\"{&quot;video_type&quot;:&quot;hosted&quot;,&quot;controls&quot;:&quot;yes&quot;}\" data-widget_type=\"video.default\">\n\t\t\t\t<div class=\"elementor-widget-container\">\n\t\t\t\t\t\t\t<div class=\"e-hosted-video elementor-wrapper elementor-open-inline\">\n\t\t\t\t\t<video class=\"elementor-video\" src=\"https:\/\/montessori-traunstein.de\/wp-content\/uploads\/2021\/01\/Juni-2019-Danke-an-Anna-Alejandro-und-den-Kindern-fuer-die-Hilfe-unser-Bad-zu-bauen.mp4\" controls=\"\" preload=\"metadata\" controlsList=\"nodownload\"><\/video>\n\t\t\t\t<\/div>\n\t\t\t\t\t\t<\/div>\n\t\t\t\t<\/div>\n\t\t\t\t\t<\/div>\n\t\t<\/div>\n\t\t\t\t\t<\/div>\n\t\t<\/section>\n\t\t\t\t<\/div>\n\t\t","protected":false},"excerpt":{"rendered":"<p>Dezember 2019 Helfende H\u00e4nde zu WeihnachtenBei einem ehemaligen Schulkameraden von Alejandro wurde vor ca. einem Jahr ein Hirntumor diagnostiziert. Er musste seine Arbeit aufgeben. Seitdem hatte der Anfang 30-j\u00e4hrige zwei schwere Operationen. Sein Zustand ist sehr schlecht, er kann nicht mehr alleine gehen.\u00a0In der Dominikanischen Republik haben die allerwenigsten Menschen eine Krankenversicherung. Das hei\u00dft, jedes [&hellip;]<\/p>\n","protected":false},"author":2,"featured_media":0,"parent":0,"menu_order":0,"comment_status":"closed","ping_status":"closed","template":"","meta":{"footnotes":""},"folder":[],"class_list":["post-2952","page","type-page","status-publish","hentry"],"yoast_head":"<!-- This site is optimized with the Yoast SEO plugin v27.4 - https:\/\/yoast.com\/product\/yoast-seo-wordpress\/ -->\n<title>&quot;Manos que ayudan&quot; 2019 &#8212; Montessori-Schule Traunstein<\/title>\n<meta name=\"robots\" content=\"index, follow, max-snippet:-1, max-image-preview:large, max-video-preview:-1\" \/>\n<link rel=\"canonical\" href=\"https:\/\/montessori-traunstein.de\/index.php\/manos-que-ayudan-haende-die-helfen-2019\/\" \/>\n<meta property=\"og:locale\" content=\"de_DE\" \/>\n<meta property=\"og:type\" content=\"article\" \/>\n<meta property=\"og:title\" content=\"&quot;Manos que ayudan&quot; 2019 &#8212; Montessori-Schule Traunstein\" \/>\n<meta property=\"og:description\" content=\"Dezember 2019 Helfende H\u00e4nde zu WeihnachtenBei einem ehemaligen Schulkameraden von Alejandro wurde vor ca. einem Jahr ein Hirntumor diagnostiziert. Er musste seine Arbeit aufgeben. Seitdem hatte der Anfang 30-j\u00e4hrige zwei schwere Operationen. Sein Zustand ist sehr schlecht, er kann nicht mehr alleine gehen.\u00a0In der Dominikanischen Republik haben die allerwenigsten Menschen eine Krankenversicherung. Das hei\u00dft, jedes [&hellip;]\" \/>\n<meta property=\"og:url\" content=\"https:\/\/montessori-traunstein.de\/index.php\/manos-que-ayudan-haende-die-helfen-2019\/\" \/>\n<meta property=\"og:site_name\" content=\"Montessori-Schule Traunstein\" \/>\n<meta property=\"article:publisher\" content=\"https:\/\/www.facebook.com\/montessoritraunstein\/\" \/>\n<meta property=\"article:modified_time\" content=\"2021-01-25T11:50:57+00:00\" \/>\n<meta name=\"twitter:card\" content=\"summary_large_image\" \/>\n<meta name=\"twitter:label1\" content=\"Gesch\u00e4tzte Lesezeit\" \/>\n\t<meta name=\"twitter:data1\" content=\"3\u00a0Minuten\" \/>\n<script type=\"application\/ld+json\" class=\"yoast-schema-graph\">{\"@context\":\"https:\\\/\\\/schema.org\",\"@graph\":[{\"@type\":\"WebPage\",\"@id\":\"https:\\\/\\\/montessori-traunstein.de\\\/index.php\\\/manos-que-ayudan-haende-die-helfen-2019\\\/\",\"url\":\"https:\\\/\\\/montessori-traunstein.de\\\/index.php\\\/manos-que-ayudan-haende-die-helfen-2019\\\/\",\"name\":\"\\\"Manos que ayudan\\\" 2019 &#8212; Montessori-Schule Traunstein\",\"isPartOf\":{\"@id\":\"https:\\\/\\\/montessori-traunstein.de\\\/#website\"},\"datePublished\":\"2020-12-15T14:21:39+00:00\",\"dateModified\":\"2021-01-25T11:50:57+00:00\",\"breadcrumb\":{\"@id\":\"https:\\\/\\\/montessori-traunstein.de\\\/index.php\\\/manos-que-ayudan-haende-die-helfen-2019\\\/#breadcrumb\"},\"inLanguage\":\"de\",\"potentialAction\":[{\"@type\":\"ReadAction\",\"target\":[\"https:\\\/\\\/montessori-traunstein.de\\\/index.php\\\/manos-que-ayudan-haende-die-helfen-2019\\\/\"]}]},{\"@type\":\"BreadcrumbList\",\"@id\":\"https:\\\/\\\/montessori-traunstein.de\\\/index.php\\\/manos-que-ayudan-haende-die-helfen-2019\\\/#breadcrumb\",\"itemListElement\":[{\"@type\":\"ListItem\",\"position\":1,\"name\":\"Startseite\",\"item\":\"https:\\\/\\\/montessori-traunstein.de\\\/\"},{\"@type\":\"ListItem\",\"position\":2,\"name\":\"&#8220;Manos que ayudan&#8221; 2019\"}]},{\"@type\":\"WebSite\",\"@id\":\"https:\\\/\\\/montessori-traunstein.de\\\/#website\",\"url\":\"https:\\\/\\\/montessori-traunstein.de\\\/\",\"name\":\"Montessori-Schule Traunstein\",\"description\":\"Klassen 1-10\",\"publisher\":{\"@id\":\"https:\\\/\\\/montessori-traunstein.de\\\/#organization\"},\"potentialAction\":[{\"@type\":\"SearchAction\",\"target\":{\"@type\":\"EntryPoint\",\"urlTemplate\":\"https:\\\/\\\/montessori-traunstein.de\\\/?s={search_term_string}\"},\"query-input\":{\"@type\":\"PropertyValueSpecification\",\"valueRequired\":true,\"valueName\":\"search_term_string\"}}],\"inLanguage\":\"de\"},{\"@type\":\"Organization\",\"@id\":\"https:\\\/\\\/montessori-traunstein.de\\\/#organization\",\"name\":\"Montessori-Schule Traunstein\",\"url\":\"https:\\\/\\\/montessori-traunstein.de\\\/\",\"logo\":{\"@type\":\"ImageObject\",\"inLanguage\":\"de\",\"@id\":\"https:\\\/\\\/montessori-traunstein.de\\\/#\\\/schema\\\/logo\\\/image\\\/\",\"url\":\"https:\\\/\\\/montessori-traunstein.de\\\/wp-content\\\/uploads\\\/2020\\\/11\\\/cropped-Monte_Logo-e1438079341362.jpg\",\"contentUrl\":\"https:\\\/\\\/montessori-traunstein.de\\\/wp-content\\\/uploads\\\/2020\\\/11\\\/cropped-Monte_Logo-e1438079341362.jpg\",\"width\":512,\"height\":512,\"caption\":\"Montessori-Schule Traunstein\"},\"image\":{\"@id\":\"https:\\\/\\\/montessori-traunstein.de\\\/#\\\/schema\\\/logo\\\/image\\\/\"},\"sameAs\":[\"https:\\\/\\\/www.facebook.com\\\/montessoritraunstein\\\/\"]}]}<\/script>\n<!-- \/ Yoast SEO plugin. -->","yoast_head_json":{"title":"\"Manos que ayudan\" 2019 &#8212; Montessori-Schule Traunstein","robots":{"index":"index","follow":"follow","max-snippet":"max-snippet:-1","max-image-preview":"max-image-preview:large","max-video-preview":"max-video-preview:-1"},"canonical":"https:\/\/montessori-traunstein.de\/index.php\/manos-que-ayudan-haende-die-helfen-2019\/","og_locale":"de_DE","og_type":"article","og_title":"\"Manos que ayudan\" 2019 &#8212; Montessori-Schule Traunstein","og_description":"Dezember 2019 Helfende H\u00e4nde zu WeihnachtenBei einem ehemaligen Schulkameraden von Alejandro wurde vor ca. einem Jahr ein Hirntumor diagnostiziert. Er musste seine Arbeit aufgeben. Seitdem hatte der Anfang 30-j\u00e4hrige zwei schwere Operationen. Sein Zustand ist sehr schlecht, er kann nicht mehr alleine gehen.\u00a0In der Dominikanischen Republik haben die allerwenigsten Menschen eine Krankenversicherung. Das hei\u00dft, jedes [&hellip;]","og_url":"https:\/\/montessori-traunstein.de\/index.php\/manos-que-ayudan-haende-die-helfen-2019\/","og_site_name":"Montessori-Schule Traunstein","article_publisher":"https:\/\/www.facebook.com\/montessoritraunstein\/","article_modified_time":"2021-01-25T11:50:57+00:00","twitter_card":"summary_large_image","twitter_misc":{"Gesch\u00e4tzte Lesezeit":"3\u00a0Minuten"},"schema":{"@context":"https:\/\/schema.org","@graph":[{"@type":"WebPage","@id":"https:\/\/montessori-traunstein.de\/index.php\/manos-que-ayudan-haende-die-helfen-2019\/","url":"https:\/\/montessori-traunstein.de\/index.php\/manos-que-ayudan-haende-die-helfen-2019\/","name":"\"Manos que ayudan\" 2019 &#8212; Montessori-Schule Traunstein","isPartOf":{"@id":"https:\/\/montessori-traunstein.de\/#website"},"datePublished":"2020-12-15T14:21:39+00:00","dateModified":"2021-01-25T11:50:57+00:00","breadcrumb":{"@id":"https:\/\/montessori-traunstein.de\/index.php\/manos-que-ayudan-haende-die-helfen-2019\/#breadcrumb"},"inLanguage":"de","potentialAction":[{"@type":"ReadAction","target":["https:\/\/montessori-traunstein.de\/index.php\/manos-que-ayudan-haende-die-helfen-2019\/"]}]},{"@type":"BreadcrumbList","@id":"https:\/\/montessori-traunstein.de\/index.php\/manos-que-ayudan-haende-die-helfen-2019\/#breadcrumb","itemListElement":[{"@type":"ListItem","position":1,"name":"Startseite","item":"https:\/\/montessori-traunstein.de\/"},{"@type":"ListItem","position":2,"name":"&#8220;Manos que ayudan&#8221; 2019"}]},{"@type":"WebSite","@id":"https:\/\/montessori-traunstein.de\/#website","url":"https:\/\/montessori-traunstein.de\/","name":"Montessori-Schule Traunstein","description":"Klassen 1-10","publisher":{"@id":"https:\/\/montessori-traunstein.de\/#organization"},"potentialAction":[{"@type":"SearchAction","target":{"@type":"EntryPoint","urlTemplate":"https:\/\/montessori-traunstein.de\/?s={search_term_string}"},"query-input":{"@type":"PropertyValueSpecification","valueRequired":true,"valueName":"search_term_string"}}],"inLanguage":"de"},{"@type":"Organization","@id":"https:\/\/montessori-traunstein.de\/#organization","name":"Montessori-Schule Traunstein","url":"https:\/\/montessori-traunstein.de\/","logo":{"@type":"ImageObject","inLanguage":"de","@id":"https:\/\/montessori-traunstein.de\/#\/schema\/logo\/image\/","url":"https:\/\/montessori-traunstein.de\/wp-content\/uploads\/2020\/11\/cropped-Monte_Logo-e1438079341362.jpg","contentUrl":"https:\/\/montessori-traunstein.de\/wp-content\/uploads\/2020\/11\/cropped-Monte_Logo-e1438079341362.jpg","width":512,"height":512,"caption":"Montessori-Schule Traunstein"},"image":{"@id":"https:\/\/montessori-traunstein.de\/#\/schema\/logo\/image\/"},"sameAs":["https:\/\/www.facebook.com\/montessoritraunstein\/"]}]}},"_links":{"self":[{"href":"https:\/\/montessori-traunstein.de\/index.php\/wp-json\/wp\/v2\/pages\/2952","targetHints":{"allow":["GET"]}}],"collection":[{"href":"https:\/\/montessori-traunstein.de\/index.php\/wp-json\/wp\/v2\/pages"}],"about":[{"href":"https:\/\/montessori-traunstein.de\/index.php\/wp-json\/wp\/v2\/types\/page"}],"author":[{"embeddable":true,"href":"https:\/\/montessori-traunstein.de\/index.php\/wp-json\/wp\/v2\/users\/2"}],"replies":[{"embeddable":true,"href":"https:\/\/montessori-traunstein.de\/index.php\/wp-json\/wp\/v2\/comments?post=2952"}],"version-history":[{"count":28,"href":"https:\/\/montessori-traunstein.de\/index.php\/wp-json\/wp\/v2\/pages\/2952\/revisions"}],"predecessor-version":[{"id":4722,"href":"https:\/\/montessori-traunstein.de\/index.php\/wp-json\/wp\/v2\/pages\/2952\/revisions\/4722"}],"wp:attachment":[{"href":"https:\/\/montessori-traunstein.de\/index.php\/wp-json\/wp\/v2\/media?parent=2952"}],"wp:term":[{"taxonomy":"folder","embeddable":true,"href":"https:\/\/montessori-traunstein.de\/index.php\/wp-json\/wp\/v2\/folder?post=2952"}],"curies":[{"name":"wp","href":"https:\/\/api.w.org\/{rel}","templated":true}]}}