{"id":2944,"date":"2020-12-15T16:18:55","date_gmt":"2020-12-15T14:18:55","guid":{"rendered":"https:\/\/montessori-traunstein.de\/?page_id=2944"},"modified":"2020-12-23T06:48:48","modified_gmt":"2020-12-23T05:48:48","slug":"manos-que-ayudan-haende-die-helfen-2018","status":"publish","type":"page","link":"https:\/\/montessori-traunstein.de\/index.php\/manos-que-ayudan-haende-die-helfen-2018\/","title":{"rendered":"&#8222;Manos que ayudan&#8220; 2018"},"content":{"rendered":"\t\t<div data-elementor-type=\"wp-page\" data-elementor-id=\"2944\" class=\"elementor elementor-2944\" data-elementor-post-type=\"page\">\n\t\t\t\t\t\t<section class=\"elementor-section elementor-top-section elementor-element elementor-element-0012173 elementor-section-boxed elementor-section-height-default elementor-section-height-default\" data-id=\"0012173\" data-element_type=\"section\" data-e-type=\"section\">\n\t\t\t\t\t\t<div class=\"elementor-container elementor-column-gap-default\">\n\t\t\t\t\t<div class=\"elementor-column elementor-col-100 elementor-top-column elementor-element elementor-element-e99e584\" data-id=\"e99e584\" data-element_type=\"column\" data-e-type=\"column\">\n\t\t\t<div class=\"elementor-widget-wrap elementor-element-populated\">\n\t\t\t\t\t\t<div class=\"elementor-element elementor-element-2a3d1a0 elementor-widget elementor-widget-text-editor\" data-id=\"2a3d1a0\" data-element_type=\"widget\" data-e-type=\"widget\" data-widget_type=\"text-editor.default\">\n\t\t\t\t<div class=\"elementor-widget-container\">\n\t\t\t\t\t\t\t\t\t<p><span style=\"font-size: 18pt; color: #800000;\"><strong>August 2018<\/strong><\/span><\/p><p><span style=\"font-size: 14pt; color: #000000;\">Neues vom Spendenprojekt<\/span><br \/><span style=\"font-size: 14pt; color: #000000;\">Uns ist es gelungen durch Eure Spenden ein Dorfviertel von Las Galeras, den Barrio de las piedras, mit neuen Wasserleitungen zu versorgen. Die alten, zu kleinen Leitungen wurden durch gr\u00f6\u00dfere ersetzt und von den Bewohnern eigenh\u00e4ndig verlegt. Nun sind alle H\u00e4user des Viertels an die Leitungen angeschlossen und mit flie\u00dfendem Wasser versorgt.<\/span><\/p><p><span style=\"font-size: 14pt; color: #000000;\">Einen kleinen Einblick erhaltet Ihr in den folgenden zwei Videos.<\/span><\/p><p><div style=\"width: 352px;\" class=\"wp-video\"><video class=\"wp-video-shortcode\" id=\"video-2944-1\" width=\"352\" height=\"288\" preload=\"metadata\" controls=\"controls\"><source type=\"video\/mp4\" src=\"https:\/\/montessori-traunstein.de\/wp-content\/uploads\/2020\/12\/20180811-Spendenprojekt-Las-Galeras-VID-WA0001.m4v?_=1\" \/><a href=\"https:\/\/montessori-traunstein.de\/wp-content\/uploads\/2020\/12\/20180811-Spendenprojekt-Las-Galeras-VID-WA0001.m4v\">https:\/\/montessori-traunstein.de\/wp-content\/uploads\/2020\/12\/20180811-Spendenprojekt-Las-Galeras-VID-WA0001.m4v<\/a><\/video><\/div><\/p><p><div style=\"width: 352px;\" class=\"wp-video\"><video class=\"wp-video-shortcode\" id=\"video-2944-2\" width=\"352\" height=\"288\" preload=\"metadata\" controls=\"controls\"><source type=\"video\/mp4\" src=\"https:\/\/montessori-traunstein.de\/wp-content\/uploads\/2020\/12\/20180811_Spendenprojekt_Las-Galeras_VID-WA0000.m4v?_=2\" \/><a href=\"https:\/\/montessori-traunstein.de\/wp-content\/uploads\/2020\/12\/20180811_Spendenprojekt_Las-Galeras_VID-WA0000.m4v\">https:\/\/montessori-traunstein.de\/wp-content\/uploads\/2020\/12\/20180811_Spendenprojekt_Las-Galeras_VID-WA0000.m4v<\/a><\/video><\/div><\/p>\t\t\t\t\t\t\t\t<\/div>\n\t\t\t\t<\/div>\n\t\t\t\t<div class=\"elementor-element elementor-element-883d253 elementor-widget-divider--view-line elementor-widget elementor-widget-divider\" data-id=\"883d253\" data-element_type=\"widget\" data-e-type=\"widget\" data-widget_type=\"divider.default\">\n\t\t\t\t<div class=\"elementor-widget-container\">\n\t\t\t\t\t\t\t<div class=\"elementor-divider\">\n\t\t\t<span class=\"elementor-divider-separator\">\n\t\t\t\t\t\t<\/span>\n\t\t<\/div>\n\t\t\t\t\t\t<\/div>\n\t\t\t\t<\/div>\n\t\t\t\t<div class=\"elementor-element elementor-element-c53aecc elementor-widget elementor-widget-text-editor\" data-id=\"c53aecc\" data-element_type=\"widget\" data-e-type=\"widget\" data-widget_type=\"text-editor.default\">\n\t\t\t\t<div class=\"elementor-widget-container\">\n\t\t\t\t\t\t\t\t\t<p><span style=\"font-size: 18pt; color: #800000;\"><strong>Juli 2018<\/strong><\/span><\/p><p><span style=\"font-size: 14pt; color: #000000;\">Mit zwei Hilfsprojekten in der Karibik haben in diesem Schuljahr viele Sch\u00fcler und ihre Lehrer ein gro\u00dfes Engagement bewiesen.<\/span><br \/><span style=\"font-size: 14pt; color: #000000;\">Die \u201eHaiti-Gruppe\u201c bot im laufenden Schuljahr Kuchen oder Fruchtspie\u00dfe zum Verkauf an, Gelegenheiten dazu gab immer wieder der Pausenverkauf, der dadurch sein Angebot erweitern konnte.<\/span><br \/><span style=\"font-size: 14pt; color: #000000;\">Auch am Sommersporttag wurde dann wieder geschnippelt und vorbereitet. Tropische Fruchtspie\u00dfe und leckere Kuchen sowie Cocktails aus der \u201eSansibar\u201c gab es am gemeinsamen Stand f\u00fcr Haiti und Las Galeras.<\/span><\/p>\t\t\t\t\t\t\t\t<\/div>\n\t\t\t\t<\/div>\n\t\t\t\t<div class=\"elementor-element elementor-element-b6b3516 elementor-widget-divider--view-line elementor-widget elementor-widget-divider\" data-id=\"b6b3516\" data-element_type=\"widget\" data-e-type=\"widget\" data-widget_type=\"divider.default\">\n\t\t\t\t<div class=\"elementor-widget-container\">\n\t\t\t\t\t\t\t<div class=\"elementor-divider\">\n\t\t\t<span class=\"elementor-divider-separator\">\n\t\t\t\t\t\t<\/span>\n\t\t<\/div>\n\t\t\t\t\t\t<\/div>\n\t\t\t\t<\/div>\n\t\t\t\t<div class=\"elementor-element elementor-element-4ece198 elementor-widget elementor-widget-text-editor\" data-id=\"4ece198\" data-element_type=\"widget\" data-e-type=\"widget\" data-widget_type=\"text-editor.default\">\n\t\t\t\t<div class=\"elementor-widget-container\">\n\t\t\t\t\t\t\t\t\t<p><span style=\"font-size: 18pt; color: #800000;\"><strong>Juni 2018<\/strong><\/span><\/p><p><span style=\"font-size: 18pt; color: #800000;\"><strong>Gro\u00dfes Spendenprojekt der M3<\/strong><\/span><\/p><p><span style=\"color: #000000; font-size: 14pt;\">Nachdem im September zwei schlimme Wirbelst\u00fcrme unter anderem in Las Galeras, einem kleinen \u00d6rtchen der dominikanischen Republik gew\u00fctet haben, haben wir, die Klasse M3, ein Spendenprojekt ins Leben gerufen.Zun\u00e4chst er\u00f6ffneten wir einen Flohmarkt (von Oktober bis Dezember), bei dem alle Klassen zu bestimmten \u00d6ffnungszeiten B\u00fccher, CDs, Spielfiguren, Brettspiele und vieles mehr gegen eine Spende erwerben konnten.<\/span><\/p><p><span style=\"color: #000000; font-size: 14pt;\">Im November 2017\u00a0 (s.u) fand dann ein gro\u00dfer Spendenlauf f\u00fcr Las Galeras und Haiti statt, bei dem die ganze Schule begeistert mitmachte. Es wurden viele Runden gelaufen und somit konnte eine beachtliche Summe an Spenden gesammelt werden.<\/span><\/p><p><span style=\"color: #000000; font-size: 14pt;\">Am Mittwoch, 27. Juni\u00a0(s.l.) wurde ein Benefizkonzert auf Spendenbasis veranstaltet, bei dem Sch\u00fcler verschiedener Klassenstufen ihren musikalischen Beitrag zum Besten gaben. Das Programm war eine kunterbunte Mischung aus klassischen St\u00fccken, jazzigen Einlagen, volksmusikalischen Beitr\u00e4gen und Gesangs- und Tanzeinlagen. Alle K\u00fcnstler wurden am Ende mit einem gro\u00dfen Applaus belohnt.<\/span><\/p><p><span style=\"color: #000000; font-size: 14pt;\">Mit all den Spenden konnten viele H\u00e4user gebaut oder wiederaufgebaut werden. Au\u00dferdem wurden die \u00c4rmsten der Armen mit Grundnahrungsmitteln und\/oder medizinisch versorgt. Wir bekamen zahlreiche Dankesvideos und Fotos von den Menschen, die ohne unsere Hilfe wahrscheinlich immer noch kein Dach \u00fcber dem Kopf h\u00e4tten. Unsere dominikanischen Freunde haben das Spenden pers\u00f6nlich in Empfang genommen und die ben\u00f6tigten Materialien, Lebensmittel und Medizin besorgt. Somit konnten wir sicherstellen, dass das Geld auch zu hundert Prozent da ankommt, wo es wirklich gebraucht wird.<\/span><\/p><p><span style=\"color: #000000; font-size: 14pt;\">Wir m\u00f6chten uns ganz herzlich bei allen bedanken, die uns mit ihren Spenden unterst\u00fctzt haben! Wir haben einen tollen Einblick erhalten in ein Land und eine Lebensweise, die wir vorher nicht kannten und es hat gro\u00dfen Spa\u00df gemacht uns f\u00fcr andere, die nicht so viel haben wie wir, stark zu machen. Hoffentlich kann das Projekt in Zukunft weiterhin vielen Menschen helfen.<\/span><\/p><p><span style=\"color: #000000; font-size: 14pt;\">Klasse M3<\/span><\/p>\t\t\t\t\t\t\t\t<\/div>\n\t\t\t\t<\/div>\n\t\t\t\t<div class=\"elementor-element elementor-element-9978ce7 elementor-widget-divider--view-line elementor-widget elementor-widget-divider\" data-id=\"9978ce7\" data-element_type=\"widget\" data-e-type=\"widget\" data-widget_type=\"divider.default\">\n\t\t\t\t<div class=\"elementor-widget-container\">\n\t\t\t\t\t\t\t<div class=\"elementor-divider\">\n\t\t\t<span class=\"elementor-divider-separator\">\n\t\t\t\t\t\t<\/span>\n\t\t<\/div>\n\t\t\t\t\t\t<\/div>\n\t\t\t\t<\/div>\n\t\t\t\t<div class=\"elementor-element elementor-element-621c2b1 elementor-widget elementor-widget-text-editor\" data-id=\"621c2b1\" data-element_type=\"widget\" data-e-type=\"widget\" data-widget_type=\"text-editor.default\">\n\t\t\t\t<div class=\"elementor-widget-container\">\n\t\t\t\t\t\t\t\t\t<p><span style=\"color: #800000;\"><strong><span style=\"font-size: 18pt;\">27.Juni 2018<\/span><\/strong><\/span><\/p><p><span style=\"font-size: 14pt; color: #000000;\">Benefizkonzert f\u00fcr Las Galeras<\/span><\/p><p><span style=\"font-size: 14pt; color: #000000;\">Am Mittwoch, den 27. Juni fand das Benefizkonzert f\u00fcr das Spendenprojekt f\u00fcr Las Galeras (Dom Rep) statt. Sch\u00fclerinnen und Sch\u00fcler aus verschiedenen Klassenstufen, sowie engagierte Eltern, gaben ihre musikalischen Beitr\u00e4ge zum Besten. Das Programm gestaltete sich sehr bunt. Es waren die unterschiedlichsten Instrumente und Esembles vertreten, Tanzperformances, Gesangseinlagen und mehr. Das Publikum brachte seine Begeisterung durch gro\u00dfen Applaus zum Ausdruck. Besonders sch\u00f6n war die Anwesenheit von Alejandro aus Las Galeras, der Mitbegr\u00fcnder dieses Spendenprojekts ist und in der Anfangszeit selbst vor Ort verantwortlich f\u00fcr die Verteilung des Geldes bzw. der davon besorgten Materialien und Lebensmittel war. Dieses wichtige Amt \u00fcbernahm nun sein Bruder, der in engem Kontakt mit uns steht. Alejandro richtete nach dem Konzert das Wort ans Publikum und die Teilnehmer und bedankte sich im Namen seines ganzen Heimatortes f\u00fcr die gro\u00dfartige Unterst\u00fctzung, die seit September 2017 geleistet wurde.<\/span><\/p><p><span style=\"font-size: 14pt; color: #000000;\">Als letzte Spendenaktion in diesem Schuljahr wird die M3 am Donnerstag, 19. Juli beim Sommerfest von 11.00-13.00 Uhr Kuchen verkaufen und Spenden sammeln.<\/span><\/p>\t\t\t\t\t\t\t\t<\/div>\n\t\t\t\t<\/div>\n\t\t\t\t\t<\/div>\n\t\t<\/div>\n\t\t\t\t\t<\/div>\n\t\t<\/section>\n\t\t\t\t<\/div>\n\t\t","protected":false},"excerpt":{"rendered":"<p>August 2018 Neues vom SpendenprojektUns ist es gelungen durch Eure Spenden ein Dorfviertel von Las Galeras, den Barrio de las piedras, mit neuen Wasserleitungen zu versorgen. Die alten, zu kleinen Leitungen wurden durch gr\u00f6\u00dfere ersetzt und von den Bewohnern eigenh\u00e4ndig verlegt. Nun sind alle H\u00e4user des Viertels an die Leitungen angeschlossen und mit flie\u00dfendem Wasser [&hellip;]<\/p>\n","protected":false},"author":2,"featured_media":0,"parent":0,"menu_order":0,"comment_status":"closed","ping_status":"closed","template":"","meta":{"footnotes":""},"folder":[],"class_list":["post-2944","page","type-page","status-publish","hentry"],"yoast_head":"<!-- This site is optimized with the Yoast SEO plugin v27.4 - https:\/\/yoast.com\/product\/yoast-seo-wordpress\/ -->\n<title>&quot;Manos que ayudan&quot; 2018 &#8212; Montessori-Schule Traunstein<\/title>\n<meta name=\"robots\" content=\"index, follow, max-snippet:-1, max-image-preview:large, max-video-preview:-1\" \/>\n<link rel=\"canonical\" href=\"https:\/\/montessori-traunstein.de\/index.php\/manos-que-ayudan-haende-die-helfen-2018\/\" \/>\n<meta property=\"og:locale\" content=\"de_DE\" \/>\n<meta property=\"og:type\" content=\"article\" \/>\n<meta property=\"og:title\" content=\"&quot;Manos que ayudan&quot; 2018 &#8212; Montessori-Schule Traunstein\" \/>\n<meta property=\"og:description\" content=\"August 2018 Neues vom SpendenprojektUns ist es gelungen durch Eure Spenden ein Dorfviertel von Las Galeras, den Barrio de las piedras, mit neuen Wasserleitungen zu versorgen. Die alten, zu kleinen Leitungen wurden durch gr\u00f6\u00dfere ersetzt und von den Bewohnern eigenh\u00e4ndig verlegt. Nun sind alle H\u00e4user des Viertels an die Leitungen angeschlossen und mit flie\u00dfendem Wasser [&hellip;]\" \/>\n<meta property=\"og:url\" content=\"https:\/\/montessori-traunstein.de\/index.php\/manos-que-ayudan-haende-die-helfen-2018\/\" \/>\n<meta property=\"og:site_name\" content=\"Montessori-Schule Traunstein\" \/>\n<meta property=\"article:publisher\" content=\"https:\/\/www.facebook.com\/montessoritraunstein\/\" \/>\n<meta property=\"article:modified_time\" content=\"2020-12-23T05:48:48+00:00\" \/>\n<meta name=\"twitter:card\" content=\"summary_large_image\" \/>\n<meta name=\"twitter:label1\" content=\"Gesch\u00e4tzte Lesezeit\" \/>\n\t<meta name=\"twitter:data1\" content=\"3\u00a0Minuten\" \/>\n<script type=\"application\/ld+json\" class=\"yoast-schema-graph\">{\"@context\":\"https:\\\/\\\/schema.org\",\"@graph\":[{\"@type\":\"WebPage\",\"@id\":\"https:\\\/\\\/montessori-traunstein.de\\\/index.php\\\/manos-que-ayudan-haende-die-helfen-2018\\\/\",\"url\":\"https:\\\/\\\/montessori-traunstein.de\\\/index.php\\\/manos-que-ayudan-haende-die-helfen-2018\\\/\",\"name\":\"\\\"Manos que ayudan\\\" 2018 &#8212; Montessori-Schule Traunstein\",\"isPartOf\":{\"@id\":\"https:\\\/\\\/montessori-traunstein.de\\\/#website\"},\"datePublished\":\"2020-12-15T14:18:55+00:00\",\"dateModified\":\"2020-12-23T05:48:48+00:00\",\"breadcrumb\":{\"@id\":\"https:\\\/\\\/montessori-traunstein.de\\\/index.php\\\/manos-que-ayudan-haende-die-helfen-2018\\\/#breadcrumb\"},\"inLanguage\":\"de\",\"potentialAction\":[{\"@type\":\"ReadAction\",\"target\":[\"https:\\\/\\\/montessori-traunstein.de\\\/index.php\\\/manos-que-ayudan-haende-die-helfen-2018\\\/\"]}]},{\"@type\":\"BreadcrumbList\",\"@id\":\"https:\\\/\\\/montessori-traunstein.de\\\/index.php\\\/manos-que-ayudan-haende-die-helfen-2018\\\/#breadcrumb\",\"itemListElement\":[{\"@type\":\"ListItem\",\"position\":1,\"name\":\"Startseite\",\"item\":\"https:\\\/\\\/montessori-traunstein.de\\\/\"},{\"@type\":\"ListItem\",\"position\":2,\"name\":\"&#8220;Manos que ayudan&#8221; 2018\"}]},{\"@type\":\"WebSite\",\"@id\":\"https:\\\/\\\/montessori-traunstein.de\\\/#website\",\"url\":\"https:\\\/\\\/montessori-traunstein.de\\\/\",\"name\":\"Montessori-Schule Traunstein\",\"description\":\"Klassen 1-10\",\"publisher\":{\"@id\":\"https:\\\/\\\/montessori-traunstein.de\\\/#organization\"},\"potentialAction\":[{\"@type\":\"SearchAction\",\"target\":{\"@type\":\"EntryPoint\",\"urlTemplate\":\"https:\\\/\\\/montessori-traunstein.de\\\/?s={search_term_string}\"},\"query-input\":{\"@type\":\"PropertyValueSpecification\",\"valueRequired\":true,\"valueName\":\"search_term_string\"}}],\"inLanguage\":\"de\"},{\"@type\":\"Organization\",\"@id\":\"https:\\\/\\\/montessori-traunstein.de\\\/#organization\",\"name\":\"Montessori-Schule Traunstein\",\"url\":\"https:\\\/\\\/montessori-traunstein.de\\\/\",\"logo\":{\"@type\":\"ImageObject\",\"inLanguage\":\"de\",\"@id\":\"https:\\\/\\\/montessori-traunstein.de\\\/#\\\/schema\\\/logo\\\/image\\\/\",\"url\":\"https:\\\/\\\/montessori-traunstein.de\\\/wp-content\\\/uploads\\\/2020\\\/11\\\/cropped-Monte_Logo-e1438079341362.jpg\",\"contentUrl\":\"https:\\\/\\\/montessori-traunstein.de\\\/wp-content\\\/uploads\\\/2020\\\/11\\\/cropped-Monte_Logo-e1438079341362.jpg\",\"width\":512,\"height\":512,\"caption\":\"Montessori-Schule Traunstein\"},\"image\":{\"@id\":\"https:\\\/\\\/montessori-traunstein.de\\\/#\\\/schema\\\/logo\\\/image\\\/\"},\"sameAs\":[\"https:\\\/\\\/www.facebook.com\\\/montessoritraunstein\\\/\"]}]}<\/script>\n<!-- \/ Yoast SEO plugin. -->","yoast_head_json":{"title":"\"Manos que ayudan\" 2018 &#8212; Montessori-Schule Traunstein","robots":{"index":"index","follow":"follow","max-snippet":"max-snippet:-1","max-image-preview":"max-image-preview:large","max-video-preview":"max-video-preview:-1"},"canonical":"https:\/\/montessori-traunstein.de\/index.php\/manos-que-ayudan-haende-die-helfen-2018\/","og_locale":"de_DE","og_type":"article","og_title":"\"Manos que ayudan\" 2018 &#8212; Montessori-Schule Traunstein","og_description":"August 2018 Neues vom SpendenprojektUns ist es gelungen durch Eure Spenden ein Dorfviertel von Las Galeras, den Barrio de las piedras, mit neuen Wasserleitungen zu versorgen. Die alten, zu kleinen Leitungen wurden durch gr\u00f6\u00dfere ersetzt und von den Bewohnern eigenh\u00e4ndig verlegt. Nun sind alle H\u00e4user des Viertels an die Leitungen angeschlossen und mit flie\u00dfendem Wasser [&hellip;]","og_url":"https:\/\/montessori-traunstein.de\/index.php\/manos-que-ayudan-haende-die-helfen-2018\/","og_site_name":"Montessori-Schule Traunstein","article_publisher":"https:\/\/www.facebook.com\/montessoritraunstein\/","article_modified_time":"2020-12-23T05:48:48+00:00","twitter_card":"summary_large_image","twitter_misc":{"Gesch\u00e4tzte Lesezeit":"3\u00a0Minuten"},"schema":{"@context":"https:\/\/schema.org","@graph":[{"@type":"WebPage","@id":"https:\/\/montessori-traunstein.de\/index.php\/manos-que-ayudan-haende-die-helfen-2018\/","url":"https:\/\/montessori-traunstein.de\/index.php\/manos-que-ayudan-haende-die-helfen-2018\/","name":"\"Manos que ayudan\" 2018 &#8212; Montessori-Schule Traunstein","isPartOf":{"@id":"https:\/\/montessori-traunstein.de\/#website"},"datePublished":"2020-12-15T14:18:55+00:00","dateModified":"2020-12-23T05:48:48+00:00","breadcrumb":{"@id":"https:\/\/montessori-traunstein.de\/index.php\/manos-que-ayudan-haende-die-helfen-2018\/#breadcrumb"},"inLanguage":"de","potentialAction":[{"@type":"ReadAction","target":["https:\/\/montessori-traunstein.de\/index.php\/manos-que-ayudan-haende-die-helfen-2018\/"]}]},{"@type":"BreadcrumbList","@id":"https:\/\/montessori-traunstein.de\/index.php\/manos-que-ayudan-haende-die-helfen-2018\/#breadcrumb","itemListElement":[{"@type":"ListItem","position":1,"name":"Startseite","item":"https:\/\/montessori-traunstein.de\/"},{"@type":"ListItem","position":2,"name":"&#8220;Manos que ayudan&#8221; 2018"}]},{"@type":"WebSite","@id":"https:\/\/montessori-traunstein.de\/#website","url":"https:\/\/montessori-traunstein.de\/","name":"Montessori-Schule Traunstein","description":"Klassen 1-10","publisher":{"@id":"https:\/\/montessori-traunstein.de\/#organization"},"potentialAction":[{"@type":"SearchAction","target":{"@type":"EntryPoint","urlTemplate":"https:\/\/montessori-traunstein.de\/?s={search_term_string}"},"query-input":{"@type":"PropertyValueSpecification","valueRequired":true,"valueName":"search_term_string"}}],"inLanguage":"de"},{"@type":"Organization","@id":"https:\/\/montessori-traunstein.de\/#organization","name":"Montessori-Schule Traunstein","url":"https:\/\/montessori-traunstein.de\/","logo":{"@type":"ImageObject","inLanguage":"de","@id":"https:\/\/montessori-traunstein.de\/#\/schema\/logo\/image\/","url":"https:\/\/montessori-traunstein.de\/wp-content\/uploads\/2020\/11\/cropped-Monte_Logo-e1438079341362.jpg","contentUrl":"https:\/\/montessori-traunstein.de\/wp-content\/uploads\/2020\/11\/cropped-Monte_Logo-e1438079341362.jpg","width":512,"height":512,"caption":"Montessori-Schule Traunstein"},"image":{"@id":"https:\/\/montessori-traunstein.de\/#\/schema\/logo\/image\/"},"sameAs":["https:\/\/www.facebook.com\/montessoritraunstein\/"]}]}},"_links":{"self":[{"href":"https:\/\/montessori-traunstein.de\/index.php\/wp-json\/wp\/v2\/pages\/2944","targetHints":{"allow":["GET"]}}],"collection":[{"href":"https:\/\/montessori-traunstein.de\/index.php\/wp-json\/wp\/v2\/pages"}],"about":[{"href":"https:\/\/montessori-traunstein.de\/index.php\/wp-json\/wp\/v2\/types\/page"}],"author":[{"embeddable":true,"href":"https:\/\/montessori-traunstein.de\/index.php\/wp-json\/wp\/v2\/users\/2"}],"replies":[{"embeddable":true,"href":"https:\/\/montessori-traunstein.de\/index.php\/wp-json\/wp\/v2\/comments?post=2944"}],"version-history":[{"count":34,"href":"https:\/\/montessori-traunstein.de\/index.php\/wp-json\/wp\/v2\/pages\/2944\/revisions"}],"predecessor-version":[{"id":4270,"href":"https:\/\/montessori-traunstein.de\/index.php\/wp-json\/wp\/v2\/pages\/2944\/revisions\/4270"}],"wp:attachment":[{"href":"https:\/\/montessori-traunstein.de\/index.php\/wp-json\/wp\/v2\/media?parent=2944"}],"wp:term":[{"taxonomy":"folder","embeddable":true,"href":"https:\/\/montessori-traunstein.de\/index.php\/wp-json\/wp\/v2\/folder?post=2944"}],"curies":[{"name":"wp","href":"https:\/\/api.w.org\/{rel}","templated":true}]}}