{"id":2916,"date":"2020-12-15T16:09:14","date_gmt":"2020-12-15T14:09:14","guid":{"rendered":"https:\/\/montessori-traunstein.de\/?page_id=2916"},"modified":"2020-12-22T07:14:43","modified_gmt":"2020-12-22T06:14:43","slug":"unesco-projekt-schule-2020","status":"publish","type":"page","link":"https:\/\/montessori-traunstein.de\/index.php\/unesco-projekt-schule-2020\/","title":{"rendered":"&#8222;Manos que ayudan&#8220; 2017"},"content":{"rendered":"\t\t<div data-elementor-type=\"wp-page\" data-elementor-id=\"2916\" class=\"elementor elementor-2916\" data-elementor-post-type=\"page\">\n\t\t\t\t\t\t<section class=\"elementor-section elementor-top-section elementor-element elementor-element-254a1b6 elementor-section-boxed elementor-section-height-default elementor-section-height-default\" data-id=\"254a1b6\" data-element_type=\"section\" data-e-type=\"section\">\n\t\t\t\t\t\t<div class=\"elementor-container elementor-column-gap-default\">\n\t\t\t\t\t<div class=\"elementor-column elementor-col-100 elementor-top-column elementor-element elementor-element-3a610ce\" data-id=\"3a610ce\" data-element_type=\"column\" data-e-type=\"column\">\n\t\t\t<div class=\"elementor-widget-wrap elementor-element-populated\">\n\t\t\t\t\t\t<div class=\"elementor-element elementor-element-efe9e81 elementor-widget elementor-widget-text-editor\" data-id=\"efe9e81\" data-element_type=\"widget\" data-e-type=\"widget\" data-widget_type=\"text-editor.default\">\n\t\t\t\t<div class=\"elementor-widget-container\">\n\t\t\t\t\t\t\t\t\t<p><span style=\"font-size: 18pt; color: #800000;\"><strong>20.November 2017<\/strong><\/span><\/p><p><span style=\"font-size: 14pt; color: #000000;\">Der Spendenlauf war ein voller Erfolg! Alle Sch\u00fcler sind flei\u00dfig Runden gelaufen und wir konnten somit eine gro\u00dfe Summe an Spenden sammeln. <\/span><br \/><span style=\"font-size: 14pt; color: #000000;\">Das Geld schicken wir nach Las Galeras, wo es von Alejandro in Empfang genommen wird.<\/span><br \/><span style=\"color: #000000;\"> <span style=\"font-size: 14pt;\"> Er und seine Helfer kaufen vor Ort die Materialien f\u00fcr das Wiedererrichten und Renovieren der H\u00e4user ein und versorgen die arme Bev\u00f6lkerung mit den wichtigsten Lebensmitteln.\u00a0<\/span><span style=\"font-size: 14pt;\">Die Menschen dort freuen sich sehr \u00fcber unsere Hilfe. <\/span><\/span><br \/><span style=\"color: #000000;\"><span style=\"font-size: 14pt;\">Wir haben schon viele Dankes-Videos und Fotos bekommen.<\/span><\/span><\/p><p><span style=\"font-size: 14pt; color: #000000;\"> Hier ein Video von Alejandro, der sogar extra Deutsch gelernt hat.<\/span><\/p><p><div style=\"width: 450px;\" class=\"wp-video\"><video class=\"wp-video-shortcode\" id=\"video-2916-1\" width=\"450\" height=\"800\" preload=\"metadata\" controls=\"controls\"><source type=\"video\/mp4\" src=\"https:\/\/montessori-traunstein.de\/wp-content\/uploads\/2020\/12\/VID-20171130-WA0006.mp4?_=1\" \/><a href=\"https:\/\/montessori-traunstein.de\/wp-content\/uploads\/2020\/12\/VID-20171130-WA0006.mp4\">https:\/\/montessori-traunstein.de\/wp-content\/uploads\/2020\/12\/VID-20171130-WA0006.mp4<\/a><\/video><\/div><\/p>\t\t\t\t\t\t\t\t<\/div>\n\t\t\t\t<\/div>\n\t\t\t\t<div class=\"elementor-element elementor-element-7076c21 elementor-widget elementor-widget-text-editor\" data-id=\"7076c21\" data-element_type=\"widget\" data-e-type=\"widget\" data-widget_type=\"text-editor.default\">\n\t\t\t\t<div class=\"elementor-widget-container\">\n\t\t\t\t\t\t\t\t\t<p><span style=\"color: #800000;\"><strong><span style=\"font-size: 18pt;\">September 2017<\/span><\/strong><\/span><\/p><p><span style=\"font-family: georgia, palatino, serif; font-size: 16pt; color: #800000;\">Montessorischule hilft Hurrikanopfern- Spendenprojekt der M3 f\u00fcr Las Galeras (DomRep)<\/span><\/p><p><span style=\"color: #000000; font-size: 14pt;\">Nachdem im September die beiden Hurrikans Irma und Maria in der Karibik gew\u00fctet hatten und in der Dominikanischen Republik unter anderem das \u00d6rtchen Las Galeras schwer getroffen wurde, hat die M3 ein Hilfsprojekt ins Leben gerufen. Die Klasse betreibt seit Anfang Oktober einen eigenen Flohmarkt, der feste \u00d6ffnungszeiten hat (ab November: Montag und Donnerstag 11-12 Uhr). Au\u00dferdem soll durch Kuchenverkauf und bei einem Spendenlauf flei\u00dfig Geld gesammelt werden. Daf\u00fcr ben\u00f6tigen wir dringend Sponsoren, die die Sch\u00fcler pro gelaufener Runde mit einem Geldbetrag unterst\u00fctzen! Ebenso wird die M 3 auf dem Adventsmarkt im Dezember einen Stand haben, dessen Erl\u00f6s Las Galeras zu Gute kommt.<\/span><\/p><p><span style=\"color: #000000; font-size: 14pt;\">Durch die finanzielle Unterst\u00fctzung konnten bereits mehrere H\u00e4user wiederaufgebaut und Menschen in Not unter die Arme gegriffen werden.<\/span><\/p><p><span style=\"color: #000000; font-size: 14pt;\">Spenden sind jederzeit in der M3 m\u00f6glich!<\/span><\/p><p><div style=\"width: 640px;\" class=\"wp-video\"><video class=\"wp-video-shortcode\" id=\"video-2916-2\" width=\"640\" height=\"352\" preload=\"metadata\" controls=\"controls\"><source type=\"video\/mp4\" src=\"https:\/\/montessori-traunstein.de\/\/wp-content\/uploads\/2020\/12\/VID-20171010-WA0004.mp4?_=2\" \/><a href=\"https:\/\/montessori-traunstein.de\/\/wp-content\/uploads\/2020\/12\/VID-20171010-WA0004.mp4\">https:\/\/montessori-traunstein.de\/\/wp-content\/uploads\/2020\/12\/VID-20171010-WA0004.mp4<\/a><\/video><\/div><\/p><p><div style=\"width: 640px;\" class=\"wp-video\"><video class=\"wp-video-shortcode\" id=\"video-2916-3\" width=\"640\" height=\"352\" preload=\"metadata\" controls=\"controls\"><source type=\"video\/mp4\" src=\"https:\/\/montessori-traunstein.de\/\/wp-content\/uploads\/2020\/12\/VID-20171005-WA0003.mp4?_=3\" \/><a href=\"https:\/\/montessori-traunstein.de\/\/wp-content\/uploads\/2020\/12\/VID-20171005-WA0003.mp4\">https:\/\/montessori-traunstein.de\/\/wp-content\/uploads\/2020\/12\/VID-20171005-WA0003.mp4<\/a><\/video><\/div><\/p><p><a href=\"http:\/\/demo.monte-ts.de\/wp-content\/uploads\/2020\/12\/20171009_1538341-595x729-1.jpg\"><img fetchpriority=\"high\" decoding=\"async\" src=\"http:\/\/demo.monte-ts.de\/wp-content\/uploads\/2020\/12\/20171009_1538341-595x729-1.jpg\" alt=\"\" width=\"595\" height=\"729\" \/><\/a><\/p><p>\u00a0<\/p>\t\t\t\t\t\t\t\t<\/div>\n\t\t\t\t<\/div>\n\t\t\t\t\t<\/div>\n\t\t<\/div>\n\t\t\t\t\t<\/div>\n\t\t<\/section>\n\t\t\t\t<\/div>\n\t\t","protected":false},"excerpt":{"rendered":"<p>20.November 2017 Der Spendenlauf war ein voller Erfolg! Alle Sch\u00fcler sind flei\u00dfig Runden gelaufen und wir konnten somit eine gro\u00dfe Summe an Spenden sammeln. Das Geld schicken wir nach Las Galeras, wo es von Alejandro in Empfang genommen wird. Er und seine Helfer kaufen vor Ort die Materialien f\u00fcr das Wiedererrichten und Renovieren der H\u00e4user [&hellip;]<\/p>\n","protected":false},"author":2,"featured_media":0,"parent":0,"menu_order":0,"comment_status":"closed","ping_status":"closed","template":"","meta":{"footnotes":""},"folder":[],"class_list":["post-2916","page","type-page","status-publish","hentry"],"yoast_head":"<!-- This site is optimized with the Yoast SEO plugin v27.4 - https:\/\/yoast.com\/product\/yoast-seo-wordpress\/ -->\n<title>&quot;Manos que ayudan&quot; 2017 &#8212; Montessori-Schule Traunstein<\/title>\n<meta name=\"robots\" content=\"index, follow, max-snippet:-1, max-image-preview:large, max-video-preview:-1\" \/>\n<link rel=\"canonical\" href=\"https:\/\/montessori-traunstein.de\/index.php\/unesco-projekt-schule-2020\/\" \/>\n<meta property=\"og:locale\" content=\"de_DE\" \/>\n<meta property=\"og:type\" content=\"article\" \/>\n<meta property=\"og:title\" content=\"&quot;Manos que ayudan&quot; 2017 &#8212; Montessori-Schule Traunstein\" \/>\n<meta property=\"og:description\" content=\"20.November 2017 Der Spendenlauf war ein voller Erfolg! Alle Sch\u00fcler sind flei\u00dfig Runden gelaufen und wir konnten somit eine gro\u00dfe Summe an Spenden sammeln. Das Geld schicken wir nach Las Galeras, wo es von Alejandro in Empfang genommen wird. Er und seine Helfer kaufen vor Ort die Materialien f\u00fcr das Wiedererrichten und Renovieren der H\u00e4user [&hellip;]\" \/>\n<meta property=\"og:url\" content=\"https:\/\/montessori-traunstein.de\/index.php\/unesco-projekt-schule-2020\/\" \/>\n<meta property=\"og:site_name\" content=\"Montessori-Schule Traunstein\" \/>\n<meta property=\"article:publisher\" content=\"https:\/\/www.facebook.com\/montessoritraunstein\/\" \/>\n<meta property=\"article:modified_time\" content=\"2020-12-22T06:14:43+00:00\" \/>\n<meta property=\"og:image\" content=\"http:\/\/demo.monte-ts.de\/wp-content\/uploads\/2020\/12\/20171009_1538341-595x729-1.jpg\" \/>\n<meta name=\"twitter:card\" content=\"summary_large_image\" \/>\n<meta name=\"twitter:label1\" content=\"Gesch\u00e4tzte Lesezeit\" \/>\n\t<meta name=\"twitter:data1\" content=\"1\u00a0Minute\" \/>\n<script type=\"application\/ld+json\" class=\"yoast-schema-graph\">{\"@context\":\"https:\\\/\\\/schema.org\",\"@graph\":[{\"@type\":\"WebPage\",\"@id\":\"https:\\\/\\\/montessori-traunstein.de\\\/index.php\\\/unesco-projekt-schule-2020\\\/\",\"url\":\"https:\\\/\\\/montessori-traunstein.de\\\/index.php\\\/unesco-projekt-schule-2020\\\/\",\"name\":\"\\\"Manos que ayudan\\\" 2017 &#8212; Montessori-Schule Traunstein\",\"isPartOf\":{\"@id\":\"https:\\\/\\\/montessori-traunstein.de\\\/#website\"},\"primaryImageOfPage\":{\"@id\":\"https:\\\/\\\/montessori-traunstein.de\\\/index.php\\\/unesco-projekt-schule-2020\\\/#primaryimage\"},\"image\":{\"@id\":\"https:\\\/\\\/montessori-traunstein.de\\\/index.php\\\/unesco-projekt-schule-2020\\\/#primaryimage\"},\"thumbnailUrl\":\"http:\\\/\\\/demo.monte-ts.de\\\/wp-content\\\/uploads\\\/2020\\\/12\\\/20171009_1538341-595x729-1.jpg\",\"datePublished\":\"2020-12-15T14:09:14+00:00\",\"dateModified\":\"2020-12-22T06:14:43+00:00\",\"breadcrumb\":{\"@id\":\"https:\\\/\\\/montessori-traunstein.de\\\/index.php\\\/unesco-projekt-schule-2020\\\/#breadcrumb\"},\"inLanguage\":\"de\",\"potentialAction\":[{\"@type\":\"ReadAction\",\"target\":[\"https:\\\/\\\/montessori-traunstein.de\\\/index.php\\\/unesco-projekt-schule-2020\\\/\"]}]},{\"@type\":\"ImageObject\",\"inLanguage\":\"de\",\"@id\":\"https:\\\/\\\/montessori-traunstein.de\\\/index.php\\\/unesco-projekt-schule-2020\\\/#primaryimage\",\"url\":\"http:\\\/\\\/demo.monte-ts.de\\\/wp-content\\\/uploads\\\/2020\\\/12\\\/20171009_1538341-595x729-1.jpg\",\"contentUrl\":\"http:\\\/\\\/demo.monte-ts.de\\\/wp-content\\\/uploads\\\/2020\\\/12\\\/20171009_1538341-595x729-1.jpg\"},{\"@type\":\"BreadcrumbList\",\"@id\":\"https:\\\/\\\/montessori-traunstein.de\\\/index.php\\\/unesco-projekt-schule-2020\\\/#breadcrumb\",\"itemListElement\":[{\"@type\":\"ListItem\",\"position\":1,\"name\":\"Startseite\",\"item\":\"https:\\\/\\\/montessori-traunstein.de\\\/\"},{\"@type\":\"ListItem\",\"position\":2,\"name\":\"&#8220;Manos que ayudan&#8221; 2017\"}]},{\"@type\":\"WebSite\",\"@id\":\"https:\\\/\\\/montessori-traunstein.de\\\/#website\",\"url\":\"https:\\\/\\\/montessori-traunstein.de\\\/\",\"name\":\"Montessori-Schule Traunstein\",\"description\":\"Klassen 1-10\",\"publisher\":{\"@id\":\"https:\\\/\\\/montessori-traunstein.de\\\/#organization\"},\"potentialAction\":[{\"@type\":\"SearchAction\",\"target\":{\"@type\":\"EntryPoint\",\"urlTemplate\":\"https:\\\/\\\/montessori-traunstein.de\\\/?s={search_term_string}\"},\"query-input\":{\"@type\":\"PropertyValueSpecification\",\"valueRequired\":true,\"valueName\":\"search_term_string\"}}],\"inLanguage\":\"de\"},{\"@type\":\"Organization\",\"@id\":\"https:\\\/\\\/montessori-traunstein.de\\\/#organization\",\"name\":\"Montessori-Schule Traunstein\",\"url\":\"https:\\\/\\\/montessori-traunstein.de\\\/\",\"logo\":{\"@type\":\"ImageObject\",\"inLanguage\":\"de\",\"@id\":\"https:\\\/\\\/montessori-traunstein.de\\\/#\\\/schema\\\/logo\\\/image\\\/\",\"url\":\"https:\\\/\\\/montessori-traunstein.de\\\/wp-content\\\/uploads\\\/2020\\\/11\\\/cropped-Monte_Logo-e1438079341362.jpg\",\"contentUrl\":\"https:\\\/\\\/montessori-traunstein.de\\\/wp-content\\\/uploads\\\/2020\\\/11\\\/cropped-Monte_Logo-e1438079341362.jpg\",\"width\":512,\"height\":512,\"caption\":\"Montessori-Schule Traunstein\"},\"image\":{\"@id\":\"https:\\\/\\\/montessori-traunstein.de\\\/#\\\/schema\\\/logo\\\/image\\\/\"},\"sameAs\":[\"https:\\\/\\\/www.facebook.com\\\/montessoritraunstein\\\/\"]}]}<\/script>\n<!-- \/ Yoast SEO plugin. -->","yoast_head_json":{"title":"\"Manos que ayudan\" 2017 &#8212; Montessori-Schule Traunstein","robots":{"index":"index","follow":"follow","max-snippet":"max-snippet:-1","max-image-preview":"max-image-preview:large","max-video-preview":"max-video-preview:-1"},"canonical":"https:\/\/montessori-traunstein.de\/index.php\/unesco-projekt-schule-2020\/","og_locale":"de_DE","og_type":"article","og_title":"\"Manos que ayudan\" 2017 &#8212; Montessori-Schule Traunstein","og_description":"20.November 2017 Der Spendenlauf war ein voller Erfolg! Alle Sch\u00fcler sind flei\u00dfig Runden gelaufen und wir konnten somit eine gro\u00dfe Summe an Spenden sammeln. Das Geld schicken wir nach Las Galeras, wo es von Alejandro in Empfang genommen wird. Er und seine Helfer kaufen vor Ort die Materialien f\u00fcr das Wiedererrichten und Renovieren der H\u00e4user [&hellip;]","og_url":"https:\/\/montessori-traunstein.de\/index.php\/unesco-projekt-schule-2020\/","og_site_name":"Montessori-Schule Traunstein","article_publisher":"https:\/\/www.facebook.com\/montessoritraunstein\/","article_modified_time":"2020-12-22T06:14:43+00:00","og_image":[{"url":"http:\/\/demo.monte-ts.de\/wp-content\/uploads\/2020\/12\/20171009_1538341-595x729-1.jpg","type":"","width":"","height":""}],"twitter_card":"summary_large_image","twitter_misc":{"Gesch\u00e4tzte Lesezeit":"1\u00a0Minute"},"schema":{"@context":"https:\/\/schema.org","@graph":[{"@type":"WebPage","@id":"https:\/\/montessori-traunstein.de\/index.php\/unesco-projekt-schule-2020\/","url":"https:\/\/montessori-traunstein.de\/index.php\/unesco-projekt-schule-2020\/","name":"\"Manos que ayudan\" 2017 &#8212; Montessori-Schule Traunstein","isPartOf":{"@id":"https:\/\/montessori-traunstein.de\/#website"},"primaryImageOfPage":{"@id":"https:\/\/montessori-traunstein.de\/index.php\/unesco-projekt-schule-2020\/#primaryimage"},"image":{"@id":"https:\/\/montessori-traunstein.de\/index.php\/unesco-projekt-schule-2020\/#primaryimage"},"thumbnailUrl":"http:\/\/demo.monte-ts.de\/wp-content\/uploads\/2020\/12\/20171009_1538341-595x729-1.jpg","datePublished":"2020-12-15T14:09:14+00:00","dateModified":"2020-12-22T06:14:43+00:00","breadcrumb":{"@id":"https:\/\/montessori-traunstein.de\/index.php\/unesco-projekt-schule-2020\/#breadcrumb"},"inLanguage":"de","potentialAction":[{"@type":"ReadAction","target":["https:\/\/montessori-traunstein.de\/index.php\/unesco-projekt-schule-2020\/"]}]},{"@type":"ImageObject","inLanguage":"de","@id":"https:\/\/montessori-traunstein.de\/index.php\/unesco-projekt-schule-2020\/#primaryimage","url":"http:\/\/demo.monte-ts.de\/wp-content\/uploads\/2020\/12\/20171009_1538341-595x729-1.jpg","contentUrl":"http:\/\/demo.monte-ts.de\/wp-content\/uploads\/2020\/12\/20171009_1538341-595x729-1.jpg"},{"@type":"BreadcrumbList","@id":"https:\/\/montessori-traunstein.de\/index.php\/unesco-projekt-schule-2020\/#breadcrumb","itemListElement":[{"@type":"ListItem","position":1,"name":"Startseite","item":"https:\/\/montessori-traunstein.de\/"},{"@type":"ListItem","position":2,"name":"&#8220;Manos que ayudan&#8221; 2017"}]},{"@type":"WebSite","@id":"https:\/\/montessori-traunstein.de\/#website","url":"https:\/\/montessori-traunstein.de\/","name":"Montessori-Schule Traunstein","description":"Klassen 1-10","publisher":{"@id":"https:\/\/montessori-traunstein.de\/#organization"},"potentialAction":[{"@type":"SearchAction","target":{"@type":"EntryPoint","urlTemplate":"https:\/\/montessori-traunstein.de\/?s={search_term_string}"},"query-input":{"@type":"PropertyValueSpecification","valueRequired":true,"valueName":"search_term_string"}}],"inLanguage":"de"},{"@type":"Organization","@id":"https:\/\/montessori-traunstein.de\/#organization","name":"Montessori-Schule Traunstein","url":"https:\/\/montessori-traunstein.de\/","logo":{"@type":"ImageObject","inLanguage":"de","@id":"https:\/\/montessori-traunstein.de\/#\/schema\/logo\/image\/","url":"https:\/\/montessori-traunstein.de\/wp-content\/uploads\/2020\/11\/cropped-Monte_Logo-e1438079341362.jpg","contentUrl":"https:\/\/montessori-traunstein.de\/wp-content\/uploads\/2020\/11\/cropped-Monte_Logo-e1438079341362.jpg","width":512,"height":512,"caption":"Montessori-Schule Traunstein"},"image":{"@id":"https:\/\/montessori-traunstein.de\/#\/schema\/logo\/image\/"},"sameAs":["https:\/\/www.facebook.com\/montessoritraunstein\/"]}]}},"_links":{"self":[{"href":"https:\/\/montessori-traunstein.de\/index.php\/wp-json\/wp\/v2\/pages\/2916","targetHints":{"allow":["GET"]}}],"collection":[{"href":"https:\/\/montessori-traunstein.de\/index.php\/wp-json\/wp\/v2\/pages"}],"about":[{"href":"https:\/\/montessori-traunstein.de\/index.php\/wp-json\/wp\/v2\/types\/page"}],"author":[{"embeddable":true,"href":"https:\/\/montessori-traunstein.de\/index.php\/wp-json\/wp\/v2\/users\/2"}],"replies":[{"embeddable":true,"href":"https:\/\/montessori-traunstein.de\/index.php\/wp-json\/wp\/v2\/comments?post=2916"}],"version-history":[{"count":31,"href":"https:\/\/montessori-traunstein.de\/index.php\/wp-json\/wp\/v2\/pages\/2916\/revisions"}],"predecessor-version":[{"id":4229,"href":"https:\/\/montessori-traunstein.de\/index.php\/wp-json\/wp\/v2\/pages\/2916\/revisions\/4229"}],"wp:attachment":[{"href":"https:\/\/montessori-traunstein.de\/index.php\/wp-json\/wp\/v2\/media?parent=2916"}],"wp:term":[{"taxonomy":"folder","embeddable":true,"href":"https:\/\/montessori-traunstein.de\/index.php\/wp-json\/wp\/v2\/folder?post=2916"}],"curies":[{"name":"wp","href":"https:\/\/api.w.org\/{rel}","templated":true}]}}