{"id":2291,"date":"2020-12-08T13:07:39","date_gmt":"2020-12-08T11:07:39","guid":{"rendered":"https:\/\/montessori-traunstein.de\/?page_id=2291"},"modified":"2021-01-09T18:28:11","modified_gmt":"2021-01-09T17:28:11","slug":"schulgarten","status":"publish","type":"page","link":"https:\/\/montessori-traunstein.de\/index.php\/schulgarten\/","title":{"rendered":"Schulgarten"},"content":{"rendered":"\t\t<div data-elementor-type=\"wp-page\" data-elementor-id=\"2291\" class=\"elementor elementor-2291\" data-elementor-post-type=\"page\">\n\t\t\t\t\t\t<section class=\"elementor-section elementor-top-section elementor-element elementor-element-efe5a88 elementor-section-boxed elementor-section-height-default elementor-section-height-default\" data-id=\"efe5a88\" data-element_type=\"section\" data-e-type=\"section\" data-settings=\"{&quot;background_background&quot;:&quot;classic&quot;}\">\n\t\t\t\t\t\t<div class=\"elementor-container elementor-column-gap-default\">\n\t\t\t\t\t<div class=\"elementor-column elementor-col-100 elementor-top-column elementor-element elementor-element-3ba3442\" data-id=\"3ba3442\" data-element_type=\"column\" data-e-type=\"column\">\n\t\t\t<div class=\"elementor-widget-wrap elementor-element-populated\">\n\t\t\t\t\t\t<div class=\"elementor-element elementor-element-31d1f50 elementor-widget elementor-widget-heading\" data-id=\"31d1f50\" data-element_type=\"widget\" data-e-type=\"widget\" data-widget_type=\"heading.default\">\n\t\t\t\t<div class=\"elementor-widget-container\">\n\t\t\t\t\t<h2 class=\"elementor-heading-title elementor-size-default\">Schulgarten<\/h2>\t\t\t\t<\/div>\n\t\t\t\t<\/div>\n\t\t\t\t<div class=\"elementor-element elementor-element-1d9cf63 elementor-widget elementor-widget-text-editor\" data-id=\"1d9cf63\" data-element_type=\"widget\" data-e-type=\"widget\" data-widget_type=\"text-editor.default\">\n\t\t\t\t<div class=\"elementor-widget-container\">\n\t\t\t\t\t\t\t\t\t<h4><span style=\"font-weight: normal; color: #ffffff;\">Der Schulgarten, die Schulimker und das gr\u00fcne Klassenzimmer<\/span><\/h4>\t\t\t\t\t\t\t\t<\/div>\n\t\t\t\t<\/div>\n\t\t\t\t<div class=\"elementor-element elementor-element-60f15df elementor-widget elementor-widget-image\" data-id=\"60f15df\" data-element_type=\"widget\" data-e-type=\"widget\" data-widget_type=\"image.default\">\n\t\t\t\t<div class=\"elementor-widget-container\">\n\t\t\t\t\t\t\t\t\t\t\t\t\t\t\t<img fetchpriority=\"high\" decoding=\"async\" width=\"768\" height=\"593\" src=\"https:\/\/montessori-traunstein.de\/wp-content\/uploads\/2020\/12\/KNF_5396-768x593.jpg\" class=\"attachment-medium_large size-medium_large wp-image-2145\" alt=\"\" srcset=\"https:\/\/montessori-traunstein.de\/wp-content\/uploads\/2020\/12\/KNF_5396-768x593.jpg 768w, https:\/\/montessori-traunstein.de\/wp-content\/uploads\/2020\/12\/KNF_5396-300x232.jpg 300w, https:\/\/montessori-traunstein.de\/wp-content\/uploads\/2020\/12\/KNF_5396-1024x791.jpg 1024w, https:\/\/montessori-traunstein.de\/wp-content\/uploads\/2020\/12\/KNF_5396-1536x1187.jpg 1536w, https:\/\/montessori-traunstein.de\/wp-content\/uploads\/2020\/12\/KNF_5396-2048x1583.jpg 2048w\" sizes=\"(max-width: 768px) 100vw, 768px\" \/>\t\t\t\t\t\t\t\t\t\t\t\t\t\t\t<\/div>\n\t\t\t\t<\/div>\n\t\t\t\t\t<\/div>\n\t\t<\/div>\n\t\t\t\t\t<\/div>\n\t\t<\/section>\n\t\t\t\t<section class=\"elementor-section elementor-top-section elementor-element elementor-element-427038c elementor-section-boxed elementor-section-height-default elementor-section-height-default\" data-id=\"427038c\" data-element_type=\"section\" data-e-type=\"section\">\n\t\t\t\t\t\t<div class=\"elementor-container elementor-column-gap-default\">\n\t\t\t\t\t<div class=\"elementor-column elementor-col-100 elementor-top-column elementor-element elementor-element-4c0725f\" data-id=\"4c0725f\" data-element_type=\"column\" data-e-type=\"column\">\n\t\t\t<div class=\"elementor-widget-wrap elementor-element-populated\">\n\t\t\t\t\t\t<div class=\"elementor-element elementor-element-d0cea7b elementor-widget elementor-widget-text-editor\" data-id=\"d0cea7b\" data-element_type=\"widget\" data-e-type=\"widget\" data-widget_type=\"text-editor.default\">\n\t\t\t\t<div class=\"elementor-widget-container\">\n\t\t\t\t\t\t\t\t\t<h4>ein Gemeinschaftsprojekt macht Lust auf Natur<\/h4><p>Mit unserem Schulgarten haben wir die M\u00f6glichkeit, mit den Sch\u00fclergruppen das Klassenzimmer zu verlassen, um ganz praktisch und eigenverantwortlich die Zusammenh\u00e4nge der Natur zu erfahren. Hier legen wir Grundlagen f\u00fcr einen nachhaltigen Lebensstil.<\/p><p>Das gr\u00fcne Klassenzimmer im nahe gelegenen Stadtwald und der Schulgarten, der erst im Corona-Fr\u00fchling angelegt wurde, ist uns \u2013 zusammen mit den Schulbienen &#8211; ein wichtiger Lernort. Naturverbundenheit, Verantwortungsgef\u00fchl und die Bereitschaft, anvertraute naturnahe Bereiche zu hegen und zu pflegen, stehen hier im Zentrum des schulischen Lernens.<\/p><p>Durch die Vernetzung mit dem Pausenverkauf und unserem Projekt \u201eSch\u00fcler kochen f\u00fcr Sch\u00fcler\u201c k\u00f6nnen wir zudem einen kleinen Teil unserer verkauften Produkte selber anpflanzen und geben somit Einblicke in die Wirtschaftsbereiche Urproduktion, Herstellung von G\u00fctern bis hin zum gewinnbringenden Verkauf. Das Gesp\u00fcr f\u00fcr Regionalit\u00e4t und nachhaltigen Lebensstil k\u00f6nnen wir damit den jungen Menschen auf sch\u00f6ne Weise vermitteln.<\/p>\t\t\t\t\t\t\t\t<\/div>\n\t\t\t\t<\/div>\n\t\t\t\t<div class=\"elementor-element elementor-element-8ff9af8 elementor-widget elementor-widget-image\" data-id=\"8ff9af8\" data-element_type=\"widget\" data-e-type=\"widget\" data-widget_type=\"image.default\">\n\t\t\t\t<div class=\"elementor-widget-container\">\n\t\t\t\t\t\t\t\t\t\t\t\t\t\t\t<img decoding=\"async\" width=\"768\" height=\"1024\" src=\"https:\/\/montessori-traunstein.de\/wp-content\/uploads\/2021\/01\/8B1AFF68-24DD-49D4-B0BE-CA2E5A972677_1_105_c.jpeg\" class=\"attachment-medium_large size-medium_large wp-image-4474\" alt=\"\" srcset=\"https:\/\/montessori-traunstein.de\/wp-content\/uploads\/2021\/01\/8B1AFF68-24DD-49D4-B0BE-CA2E5A972677_1_105_c.jpeg 768w, https:\/\/montessori-traunstein.de\/wp-content\/uploads\/2021\/01\/8B1AFF68-24DD-49D4-B0BE-CA2E5A972677_1_105_c-225x300.jpeg 225w\" sizes=\"(max-width: 768px) 100vw, 768px\" \/>\t\t\t\t\t\t\t\t\t\t\t\t\t\t\t<\/div>\n\t\t\t\t<\/div>\n\t\t\t\t\t<\/div>\n\t\t<\/div>\n\t\t\t\t\t<\/div>\n\t\t<\/section>\n\t\t\t\t<\/div>\n\t\t","protected":false},"excerpt":{"rendered":"<p>Schulgarten Der Schulgarten, die Schulimker und das gr\u00fcne Klassenzimmer ein Gemeinschaftsprojekt macht Lust auf Natur Mit unserem Schulgarten haben wir die M\u00f6glichkeit, mit den Sch\u00fclergruppen das Klassenzimmer zu verlassen, um ganz praktisch und eigenverantwortlich die Zusammenh\u00e4nge der Natur zu erfahren. Hier legen wir Grundlagen f\u00fcr einen nachhaltigen Lebensstil. Das gr\u00fcne Klassenzimmer im nahe gelegenen Stadtwald [&hellip;]<\/p>\n","protected":false},"author":2,"featured_media":2145,"parent":0,"menu_order":0,"comment_status":"closed","ping_status":"closed","template":"","meta":{"footnotes":""},"folder":[],"class_list":["post-2291","page","type-page","status-publish","has-post-thumbnail","hentry"],"yoast_head":"<!-- This site is optimized with the Yoast SEO plugin v27.4 - https:\/\/yoast.com\/product\/yoast-seo-wordpress\/ -->\n<title>Schulgarten &#8212; Montessori-Schule Traunstein<\/title>\n<meta name=\"robots\" content=\"index, follow, max-snippet:-1, max-image-preview:large, max-video-preview:-1\" \/>\n<link rel=\"canonical\" href=\"https:\/\/montessori-traunstein.de\/index.php\/schulgarten\/\" \/>\n<meta property=\"og:locale\" content=\"de_DE\" \/>\n<meta property=\"og:type\" content=\"article\" \/>\n<meta property=\"og:title\" content=\"Schulgarten &#8212; Montessori-Schule Traunstein\" \/>\n<meta property=\"og:description\" content=\"Schulgarten Der Schulgarten, die Schulimker und das gr\u00fcne Klassenzimmer ein Gemeinschaftsprojekt macht Lust auf Natur Mit unserem Schulgarten haben wir die M\u00f6glichkeit, mit den Sch\u00fclergruppen das Klassenzimmer zu verlassen, um ganz praktisch und eigenverantwortlich die Zusammenh\u00e4nge der Natur zu erfahren. Hier legen wir Grundlagen f\u00fcr einen nachhaltigen Lebensstil. Das gr\u00fcne Klassenzimmer im nahe gelegenen Stadtwald [&hellip;]\" \/>\n<meta property=\"og:url\" content=\"https:\/\/montessori-traunstein.de\/index.php\/schulgarten\/\" \/>\n<meta property=\"og:site_name\" content=\"Montessori-Schule Traunstein\" \/>\n<meta property=\"article:publisher\" content=\"https:\/\/www.facebook.com\/montessoritraunstein\/\" \/>\n<meta property=\"article:modified_time\" content=\"2021-01-09T17:28:11+00:00\" \/>\n<meta property=\"og:image\" content=\"https:\/\/montessori-traunstein.de\/wp-content\/uploads\/2020\/12\/KNF_5396-scaled.jpg\" \/>\n\t<meta property=\"og:image:width\" content=\"2560\" \/>\n\t<meta property=\"og:image:height\" content=\"1978\" \/>\n\t<meta property=\"og:image:type\" content=\"image\/jpeg\" \/>\n<meta name=\"twitter:card\" content=\"summary_large_image\" \/>\n<meta name=\"twitter:label1\" content=\"Gesch\u00e4tzte Lesezeit\" \/>\n\t<meta name=\"twitter:data1\" content=\"1\u00a0Minute\" \/>\n<script type=\"application\/ld+json\" class=\"yoast-schema-graph\">{\"@context\":\"https:\\\/\\\/schema.org\",\"@graph\":[{\"@type\":\"WebPage\",\"@id\":\"https:\\\/\\\/montessori-traunstein.de\\\/index.php\\\/schulgarten\\\/\",\"url\":\"https:\\\/\\\/montessori-traunstein.de\\\/index.php\\\/schulgarten\\\/\",\"name\":\"Schulgarten &#8212; Montessori-Schule Traunstein\",\"isPartOf\":{\"@id\":\"https:\\\/\\\/montessori-traunstein.de\\\/#website\"},\"primaryImageOfPage\":{\"@id\":\"https:\\\/\\\/montessori-traunstein.de\\\/index.php\\\/schulgarten\\\/#primaryimage\"},\"image\":{\"@id\":\"https:\\\/\\\/montessori-traunstein.de\\\/index.php\\\/schulgarten\\\/#primaryimage\"},\"thumbnailUrl\":\"https:\\\/\\\/montessori-traunstein.de\\\/wp-content\\\/uploads\\\/2020\\\/12\\\/KNF_5396-scaled.jpg\",\"datePublished\":\"2020-12-08T11:07:39+00:00\",\"dateModified\":\"2021-01-09T17:28:11+00:00\",\"breadcrumb\":{\"@id\":\"https:\\\/\\\/montessori-traunstein.de\\\/index.php\\\/schulgarten\\\/#breadcrumb\"},\"inLanguage\":\"de\",\"potentialAction\":[{\"@type\":\"ReadAction\",\"target\":[\"https:\\\/\\\/montessori-traunstein.de\\\/index.php\\\/schulgarten\\\/\"]}]},{\"@type\":\"ImageObject\",\"inLanguage\":\"de\",\"@id\":\"https:\\\/\\\/montessori-traunstein.de\\\/index.php\\\/schulgarten\\\/#primaryimage\",\"url\":\"https:\\\/\\\/montessori-traunstein.de\\\/wp-content\\\/uploads\\\/2020\\\/12\\\/KNF_5396-scaled.jpg\",\"contentUrl\":\"https:\\\/\\\/montessori-traunstein.de\\\/wp-content\\\/uploads\\\/2020\\\/12\\\/KNF_5396-scaled.jpg\",\"width\":2560,\"height\":1978},{\"@type\":\"BreadcrumbList\",\"@id\":\"https:\\\/\\\/montessori-traunstein.de\\\/index.php\\\/schulgarten\\\/#breadcrumb\",\"itemListElement\":[{\"@type\":\"ListItem\",\"position\":1,\"name\":\"Startseite\",\"item\":\"https:\\\/\\\/montessori-traunstein.de\\\/\"},{\"@type\":\"ListItem\",\"position\":2,\"name\":\"Schulgarten\"}]},{\"@type\":\"WebSite\",\"@id\":\"https:\\\/\\\/montessori-traunstein.de\\\/#website\",\"url\":\"https:\\\/\\\/montessori-traunstein.de\\\/\",\"name\":\"Montessori-Schule Traunstein\",\"description\":\"Klassen 1-10\",\"publisher\":{\"@id\":\"https:\\\/\\\/montessori-traunstein.de\\\/#organization\"},\"potentialAction\":[{\"@type\":\"SearchAction\",\"target\":{\"@type\":\"EntryPoint\",\"urlTemplate\":\"https:\\\/\\\/montessori-traunstein.de\\\/?s={search_term_string}\"},\"query-input\":{\"@type\":\"PropertyValueSpecification\",\"valueRequired\":true,\"valueName\":\"search_term_string\"}}],\"inLanguage\":\"de\"},{\"@type\":\"Organization\",\"@id\":\"https:\\\/\\\/montessori-traunstein.de\\\/#organization\",\"name\":\"Montessori-Schule Traunstein\",\"url\":\"https:\\\/\\\/montessori-traunstein.de\\\/\",\"logo\":{\"@type\":\"ImageObject\",\"inLanguage\":\"de\",\"@id\":\"https:\\\/\\\/montessori-traunstein.de\\\/#\\\/schema\\\/logo\\\/image\\\/\",\"url\":\"https:\\\/\\\/montessori-traunstein.de\\\/wp-content\\\/uploads\\\/2020\\\/11\\\/cropped-Monte_Logo-e1438079341362.jpg\",\"contentUrl\":\"https:\\\/\\\/montessori-traunstein.de\\\/wp-content\\\/uploads\\\/2020\\\/11\\\/cropped-Monte_Logo-e1438079341362.jpg\",\"width\":512,\"height\":512,\"caption\":\"Montessori-Schule Traunstein\"},\"image\":{\"@id\":\"https:\\\/\\\/montessori-traunstein.de\\\/#\\\/schema\\\/logo\\\/image\\\/\"},\"sameAs\":[\"https:\\\/\\\/www.facebook.com\\\/montessoritraunstein\\\/\"]}]}<\/script>\n<!-- \/ Yoast SEO plugin. -->","yoast_head_json":{"title":"Schulgarten &#8212; Montessori-Schule Traunstein","robots":{"index":"index","follow":"follow","max-snippet":"max-snippet:-1","max-image-preview":"max-image-preview:large","max-video-preview":"max-video-preview:-1"},"canonical":"https:\/\/montessori-traunstein.de\/index.php\/schulgarten\/","og_locale":"de_DE","og_type":"article","og_title":"Schulgarten &#8212; Montessori-Schule Traunstein","og_description":"Schulgarten Der Schulgarten, die Schulimker und das gr\u00fcne Klassenzimmer ein Gemeinschaftsprojekt macht Lust auf Natur Mit unserem Schulgarten haben wir die M\u00f6glichkeit, mit den Sch\u00fclergruppen das Klassenzimmer zu verlassen, um ganz praktisch und eigenverantwortlich die Zusammenh\u00e4nge der Natur zu erfahren. Hier legen wir Grundlagen f\u00fcr einen nachhaltigen Lebensstil. Das gr\u00fcne Klassenzimmer im nahe gelegenen Stadtwald [&hellip;]","og_url":"https:\/\/montessori-traunstein.de\/index.php\/schulgarten\/","og_site_name":"Montessori-Schule Traunstein","article_publisher":"https:\/\/www.facebook.com\/montessoritraunstein\/","article_modified_time":"2021-01-09T17:28:11+00:00","og_image":[{"width":2560,"height":1978,"url":"https:\/\/montessori-traunstein.de\/wp-content\/uploads\/2020\/12\/KNF_5396-scaled.jpg","type":"image\/jpeg"}],"twitter_card":"summary_large_image","twitter_misc":{"Gesch\u00e4tzte Lesezeit":"1\u00a0Minute"},"schema":{"@context":"https:\/\/schema.org","@graph":[{"@type":"WebPage","@id":"https:\/\/montessori-traunstein.de\/index.php\/schulgarten\/","url":"https:\/\/montessori-traunstein.de\/index.php\/schulgarten\/","name":"Schulgarten &#8212; Montessori-Schule Traunstein","isPartOf":{"@id":"https:\/\/montessori-traunstein.de\/#website"},"primaryImageOfPage":{"@id":"https:\/\/montessori-traunstein.de\/index.php\/schulgarten\/#primaryimage"},"image":{"@id":"https:\/\/montessori-traunstein.de\/index.php\/schulgarten\/#primaryimage"},"thumbnailUrl":"https:\/\/montessori-traunstein.de\/wp-content\/uploads\/2020\/12\/KNF_5396-scaled.jpg","datePublished":"2020-12-08T11:07:39+00:00","dateModified":"2021-01-09T17:28:11+00:00","breadcrumb":{"@id":"https:\/\/montessori-traunstein.de\/index.php\/schulgarten\/#breadcrumb"},"inLanguage":"de","potentialAction":[{"@type":"ReadAction","target":["https:\/\/montessori-traunstein.de\/index.php\/schulgarten\/"]}]},{"@type":"ImageObject","inLanguage":"de","@id":"https:\/\/montessori-traunstein.de\/index.php\/schulgarten\/#primaryimage","url":"https:\/\/montessori-traunstein.de\/wp-content\/uploads\/2020\/12\/KNF_5396-scaled.jpg","contentUrl":"https:\/\/montessori-traunstein.de\/wp-content\/uploads\/2020\/12\/KNF_5396-scaled.jpg","width":2560,"height":1978},{"@type":"BreadcrumbList","@id":"https:\/\/montessori-traunstein.de\/index.php\/schulgarten\/#breadcrumb","itemListElement":[{"@type":"ListItem","position":1,"name":"Startseite","item":"https:\/\/montessori-traunstein.de\/"},{"@type":"ListItem","position":2,"name":"Schulgarten"}]},{"@type":"WebSite","@id":"https:\/\/montessori-traunstein.de\/#website","url":"https:\/\/montessori-traunstein.de\/","name":"Montessori-Schule Traunstein","description":"Klassen 1-10","publisher":{"@id":"https:\/\/montessori-traunstein.de\/#organization"},"potentialAction":[{"@type":"SearchAction","target":{"@type":"EntryPoint","urlTemplate":"https:\/\/montessori-traunstein.de\/?s={search_term_string}"},"query-input":{"@type":"PropertyValueSpecification","valueRequired":true,"valueName":"search_term_string"}}],"inLanguage":"de"},{"@type":"Organization","@id":"https:\/\/montessori-traunstein.de\/#organization","name":"Montessori-Schule Traunstein","url":"https:\/\/montessori-traunstein.de\/","logo":{"@type":"ImageObject","inLanguage":"de","@id":"https:\/\/montessori-traunstein.de\/#\/schema\/logo\/image\/","url":"https:\/\/montessori-traunstein.de\/wp-content\/uploads\/2020\/11\/cropped-Monte_Logo-e1438079341362.jpg","contentUrl":"https:\/\/montessori-traunstein.de\/wp-content\/uploads\/2020\/11\/cropped-Monte_Logo-e1438079341362.jpg","width":512,"height":512,"caption":"Montessori-Schule Traunstein"},"image":{"@id":"https:\/\/montessori-traunstein.de\/#\/schema\/logo\/image\/"},"sameAs":["https:\/\/www.facebook.com\/montessoritraunstein\/"]}]}},"_links":{"self":[{"href":"https:\/\/montessori-traunstein.de\/index.php\/wp-json\/wp\/v2\/pages\/2291","targetHints":{"allow":["GET"]}}],"collection":[{"href":"https:\/\/montessori-traunstein.de\/index.php\/wp-json\/wp\/v2\/pages"}],"about":[{"href":"https:\/\/montessori-traunstein.de\/index.php\/wp-json\/wp\/v2\/types\/page"}],"author":[{"embeddable":true,"href":"https:\/\/montessori-traunstein.de\/index.php\/wp-json\/wp\/v2\/users\/2"}],"replies":[{"embeddable":true,"href":"https:\/\/montessori-traunstein.de\/index.php\/wp-json\/wp\/v2\/comments?post=2291"}],"version-history":[{"count":64,"href":"https:\/\/montessori-traunstein.de\/index.php\/wp-json\/wp\/v2\/pages\/2291\/revisions"}],"predecessor-version":[{"id":4486,"href":"https:\/\/montessori-traunstein.de\/index.php\/wp-json\/wp\/v2\/pages\/2291\/revisions\/4486"}],"wp:featuredmedia":[{"embeddable":true,"href":"https:\/\/montessori-traunstein.de\/index.php\/wp-json\/wp\/v2\/media\/2145"}],"wp:attachment":[{"href":"https:\/\/montessori-traunstein.de\/index.php\/wp-json\/wp\/v2\/media?parent=2291"}],"wp:term":[{"taxonomy":"folder","embeddable":true,"href":"https:\/\/montessori-traunstein.de\/index.php\/wp-json\/wp\/v2\/folder?post=2291"}],"curies":[{"name":"wp","href":"https:\/\/api.w.org\/{rel}","templated":true}]}}