{"id":2,"date":"2020-05-07T19:07:13","date_gmt":"2020-05-07T19:07:13","guid":{"rendered":"https:\/\/monte.anakin.design\/?page_id=2"},"modified":"2026-01-17T12:25:07","modified_gmt":"2026-01-17T11:25:07","slug":"home","status":"publish","type":"page","link":"https:\/\/montessori-traunstein.de\/","title":{"rendered":"Home"},"content":{"rendered":"\t\t<div data-elementor-type=\"wp-page\" data-elementor-id=\"2\" class=\"elementor elementor-2\" data-elementor-post-type=\"page\">\n\t\t\t\t\t\t<section class=\"elementor-section elementor-top-section elementor-element elementor-element-789bed0f elementor-section-height-min-height elementor-section-boxed elementor-section-height-default elementor-section-items-middle\" data-id=\"789bed0f\" data-element_type=\"section\" data-e-type=\"section\" data-settings=\"{&quot;background_background&quot;:&quot;classic&quot;,&quot;shape_divider_bottom&quot;:&quot;waves&quot;}\">\n\t\t\t\t\t\t\t<div class=\"elementor-background-overlay\"><\/div>\n\t\t\t\t\t\t<div class=\"elementor-shape elementor-shape-bottom\" aria-hidden=\"true\" data-negative=\"false\">\n\t\t\t<svg xmlns=\"http:\/\/www.w3.org\/2000\/svg\" viewBox=\"0 0 1000 100\" preserveAspectRatio=\"none\">\n\t<path class=\"elementor-shape-fill\" d=\"M421.9,6.5c22.6-2.5,51.5,0.4,75.5,5.3c23.6,4.9,70.9,23.5,100.5,35.7c75.8,32.2,133.7,44.5,192.6,49.7\n\tc23.6,2.1,48.7,3.5,103.4-2.5c54.7-6,106.2-25.6,106.2-25.6V0H0v30.3c0,0,72,32.6,158.4,30.5c39.2-0.7,92.8-6.7,134-22.4\n\tc21.2-8.1,52.2-18.2,79.7-24.2C399.3,7.9,411.6,7.5,421.9,6.5z\"\/>\n<\/svg>\t\t<\/div>\n\t\t\t\t\t<div class=\"elementor-container elementor-column-gap-default\">\n\t\t\t\t\t<div class=\"elementor-column elementor-col-100 elementor-top-column elementor-element elementor-element-78423eb9\" data-id=\"78423eb9\" data-element_type=\"column\" data-e-type=\"column\">\n\t\t\t<div class=\"elementor-widget-wrap elementor-element-populated\">\n\t\t\t\t\t\t<div class=\"elementor-element elementor-element-ee14f92 elementor-widget elementor-widget-text-editor\" data-id=\"ee14f92\" data-element_type=\"widget\" data-e-type=\"widget\" data-widget_type=\"text-editor.default\">\n\t\t\t\t<div class=\"elementor-widget-container\">\n\t\t\t\t\t\t\t\t\t<p><span style=\"color: #ffffff;\"><strong>Herzlich willkommen auf den Seiten der\u00a0<\/strong><\/span><\/p>\t\t\t\t\t\t\t\t<\/div>\n\t\t\t\t<\/div>\n\t\t\t\t<div class=\"elementor-element elementor-element-14a6e343 elementor-widget elementor-widget-heading\" data-id=\"14a6e343\" data-element_type=\"widget\" data-e-type=\"widget\" data-widget_type=\"heading.default\">\n\t\t\t\t<div class=\"elementor-widget-container\">\n\t\t\t\t\t<h1 class=\"elementor-heading-title elementor-size-default\">Montessori-Schule Traunstein<\/h1>\t\t\t\t<\/div>\n\t\t\t\t<\/div>\n\t\t\t\t<div class=\"elementor-element elementor-element-3a3c7c7b elementor-mobile-align-center elementor-widget elementor-widget-button\" data-id=\"3a3c7c7b\" data-element_type=\"widget\" data-e-type=\"widget\" data-widget_type=\"button.default\">\n\t\t\t\t<div class=\"elementor-widget-container\">\n\t\t\t\t\t\t\t\t\t<div class=\"elementor-button-wrapper\">\n\t\t\t\t\t<a class=\"elementor-button elementor-button-link elementor-size-md\" href=\"https:\/\/montessori-traunstein.de\/index.php\/2020\/11\/15\/elementor-856\/\">\n\t\t\t\t\t\t<span class=\"elementor-button-content-wrapper\">\n\t\t\t\t\t\t<span class=\"elementor-button-icon\">\n\t\t\t\t<i aria-hidden=\"true\" class=\"fas fa-arrow-down\"><\/i>\t\t\t<\/span>\n\t\t\t\t\t\t\t\t\t<span class=\"elementor-button-text\">Begr\u00fc\u00dfung<\/span>\n\t\t\t\t\t<\/span>\n\t\t\t\t\t<\/a>\n\t\t\t\t<\/div>\n\t\t\t\t\t\t\t\t<\/div>\n\t\t\t\t<\/div>\n\t\t\t\t\t<\/div>\n\t\t<\/div>\n\t\t\t\t\t<\/div>\n\t\t<\/section>\n\t\t\t\t<section class=\"elementor-section elementor-top-section elementor-element elementor-element-4e28df1 elementor-section-boxed elementor-section-height-default elementor-section-height-default\" data-id=\"4e28df1\" data-element_type=\"section\" data-e-type=\"section\">\n\t\t\t\t\t\t<div class=\"elementor-container elementor-column-gap-default\">\n\t\t\t\t\t<div class=\"elementor-column elementor-col-100 elementor-top-column elementor-element elementor-element-a8b102e\" data-id=\"a8b102e\" data-element_type=\"column\" data-e-type=\"column\">\n\t\t\t<div class=\"elementor-widget-wrap elementor-element-populated\">\n\t\t\t\t\t\t<div class=\"elementor-element elementor-element-97738e6 elementor-widget-divider--view-line elementor-widget elementor-widget-divider\" data-id=\"97738e6\" data-element_type=\"widget\" data-e-type=\"widget\" data-widget_type=\"divider.default\">\n\t\t\t\t<div class=\"elementor-widget-container\">\n\t\t\t\t\t\t\t<div class=\"elementor-divider\">\n\t\t\t<span class=\"elementor-divider-separator\">\n\t\t\t\t\t\t<\/span>\n\t\t<\/div>\n\t\t\t\t\t\t<\/div>\n\t\t\t\t<\/div>\n\t\t\t\t\t<\/div>\n\t\t<\/div>\n\t\t\t\t\t<\/div>\n\t\t<\/section>\n\t\t\t\t<section class=\"elementor-section elementor-top-section elementor-element elementor-element-8500b8b elementor-section-height-min-height elementor-section-boxed elementor-section-height-default elementor-section-items-middle\" data-id=\"8500b8b\" data-element_type=\"section\" data-e-type=\"section\" data-settings=\"{&quot;background_background&quot;:&quot;gradient&quot;,&quot;shape_divider_top&quot;:&quot;waves&quot;}\">\n\t\t\t\t\t\t\t<div class=\"elementor-background-overlay\"><\/div>\n\t\t\t\t\t\t<div class=\"elementor-shape elementor-shape-top\" aria-hidden=\"true\" data-negative=\"false\">\n\t\t\t<svg xmlns=\"http:\/\/www.w3.org\/2000\/svg\" viewBox=\"0 0 1000 100\" preserveAspectRatio=\"none\">\n\t<path class=\"elementor-shape-fill\" d=\"M421.9,6.5c22.6-2.5,51.5,0.4,75.5,5.3c23.6,4.9,70.9,23.5,100.5,35.7c75.8,32.2,133.7,44.5,192.6,49.7\n\tc23.6,2.1,48.7,3.5,103.4-2.5c54.7-6,106.2-25.6,106.2-25.6V0H0v30.3c0,0,72,32.6,158.4,30.5c39.2-0.7,92.8-6.7,134-22.4\n\tc21.2-8.1,52.2-18.2,79.7-24.2C399.3,7.9,411.6,7.5,421.9,6.5z\"\/>\n<\/svg>\t\t<\/div>\n\t\t\t\t\t<div class=\"elementor-container elementor-column-gap-default\">\n\t\t\t\t\t<div class=\"elementor-column elementor-col-50 elementor-top-column elementor-element elementor-element-150499d8\" data-id=\"150499d8\" data-element_type=\"column\" data-e-type=\"column\">\n\t\t\t<div class=\"elementor-widget-wrap elementor-element-populated\">\n\t\t\t\t\t\t<div class=\"elementor-element elementor-element-1e8a33ab elementor-widget elementor-widget-heading\" data-id=\"1e8a33ab\" data-element_type=\"widget\" data-e-type=\"widget\" data-widget_type=\"heading.default\">\n\t\t\t\t<div class=\"elementor-widget-container\">\n\t\t\t\t\t<h4 class=\"elementor-heading-title elementor-size-default\">Sie m\u00f6chten mehr erfahren und unsere Schule kennenlernen?<\/h4>\t\t\t\t<\/div>\n\t\t\t\t<\/div>\n\t\t\t\t<div class=\"elementor-element elementor-element-4468804c elementor-widget elementor-widget-heading\" data-id=\"4468804c\" data-element_type=\"widget\" data-e-type=\"widget\" data-widget_type=\"heading.default\">\n\t\t\t\t<div class=\"elementor-widget-container\">\n\t\t\t\t\t<h2 class=\"elementor-heading-title elementor-size-default\">Jetzt ein Beratungsgespr\u00e4ch vereinbaren<\/h2>\t\t\t\t<\/div>\n\t\t\t\t<\/div>\n\t\t\t\t<div class=\"elementor-element elementor-element-bb09e16 elementor-mobile-align-center elementor-widget elementor-widget-button\" data-id=\"bb09e16\" data-element_type=\"widget\" data-e-type=\"widget\" data-widget_type=\"button.default\">\n\t\t\t\t<div class=\"elementor-widget-container\">\n\t\t\t\t\t\t\t\t\t<div class=\"elementor-button-wrapper\">\n\t\t\t\t\t<a class=\"elementor-button elementor-button-link elementor-size-md\" href=\"https:\/\/montessori-traunstein.de\/\/index.php\/news\/\">\n\t\t\t\t\t\t<span class=\"elementor-button-content-wrapper\">\n\t\t\t\t\t\t<span class=\"elementor-button-icon\">\n\t\t\t\t<i aria-hidden=\"true\" class=\"fas fa-arrow-right\"><\/i>\t\t\t<\/span>\n\t\t\t\t\t\t\t\t\t<span class=\"elementor-button-text\">Kontaktaufnahme<\/span>\n\t\t\t\t\t<\/span>\n\t\t\t\t\t<\/a>\n\t\t\t\t<\/div>\n\t\t\t\t\t\t\t\t<\/div>\n\t\t\t\t<\/div>\n\t\t\t\t\t<\/div>\n\t\t<\/div>\n\t\t\t\t<div class=\"elementor-column elementor-col-50 elementor-top-column elementor-element elementor-element-435c973f\" data-id=\"435c973f\" data-element_type=\"column\" data-e-type=\"column\">\n\t\t\t<div class=\"elementor-widget-wrap elementor-element-populated\">\n\t\t\t\t\t\t<div class=\"elementor-element elementor-element-bed4453 elementor-widget elementor-widget-image\" data-id=\"bed4453\" data-element_type=\"widget\" data-e-type=\"widget\" data-settings=\"{&quot;motion_fx_motion_fx_scrolling&quot;:&quot;yes&quot;,&quot;motion_fx_translateY_effect&quot;:&quot;yes&quot;,&quot;motion_fx_translateY_direction&quot;:&quot;negative&quot;,&quot;motion_fx_translateY_speed&quot;:{&quot;unit&quot;:&quot;px&quot;,&quot;size&quot;:&quot;1&quot;,&quot;sizes&quot;:[]},&quot;motion_fx_devices&quot;:[&quot;desktop&quot;,&quot;tablet&quot;],&quot;motion_fx_translateY_affectedRange&quot;:{&quot;unit&quot;:&quot;%&quot;,&quot;size&quot;:&quot;&quot;,&quot;sizes&quot;:{&quot;start&quot;:&quot;0&quot;,&quot;end&quot;:&quot;50&quot;}}}\" data-widget_type=\"image.default\">\n\t\t\t\t<div class=\"elementor-widget-container\">\n\t\t\t\t\t\t\t\t\t\t\t\t\t\t\t<img fetchpriority=\"high\" decoding=\"async\" width=\"2048\" height=\"1536\" src=\"https:\/\/montessori-traunstein.de\/wp-content\/uploads\/2023\/12\/Freiarbeit-1.jpg\" class=\"attachment-full size-full wp-image-6943\" alt=\"\" srcset=\"https:\/\/montessori-traunstein.de\/wp-content\/uploads\/2023\/12\/Freiarbeit-1.jpg 2048w, https:\/\/montessori-traunstein.de\/wp-content\/uploads\/2023\/12\/Freiarbeit-1-300x225.jpg 300w, https:\/\/montessori-traunstein.de\/wp-content\/uploads\/2023\/12\/Freiarbeit-1-1024x768.jpg 1024w, https:\/\/montessori-traunstein.de\/wp-content\/uploads\/2023\/12\/Freiarbeit-1-768x576.jpg 768w, https:\/\/montessori-traunstein.de\/wp-content\/uploads\/2023\/12\/Freiarbeit-1-1536x1152.jpg 1536w\" sizes=\"(max-width: 2048px) 100vw, 2048px\" \/>\t\t\t\t\t\t\t\t\t\t\t\t\t\t\t<\/div>\n\t\t\t\t<\/div>\n\t\t\t\t\t<\/div>\n\t\t<\/div>\n\t\t\t\t\t<\/div>\n\t\t<\/section>\n\t\t\t\t<\/div>\n\t\t","protected":false},"excerpt":{"rendered":"<p>Herzlich willkommen auf den Seiten der\u00a0 Montessori-Schule Traunstein Begr\u00fc\u00dfung Sie m\u00f6chten mehr erfahren und unsere Schule kennenlernen? Jetzt ein Beratungsgespr\u00e4ch vereinbaren Kontaktaufnahme<\/p>\n","protected":false},"author":1,"featured_media":0,"parent":0,"menu_order":0,"comment_status":"closed","ping_status":"open","template":"elementor_header_footer","meta":{"footnotes":""},"folder":[],"class_list":["post-2","page","type-page","status-publish","hentry"],"yoast_head":"<!-- This site is optimized with the Yoast SEO plugin v27.4 - https:\/\/yoast.com\/product\/yoast-seo-wordpress\/ -->\n<title>Home &#8212; Montessori-Schule Traunstein<\/title>\n<meta name=\"robots\" content=\"index, follow, max-snippet:-1, max-image-preview:large, max-video-preview:-1\" \/>\n<link rel=\"canonical\" href=\"https:\/\/montessori-traunstein.de\/\" \/>\n<meta property=\"og:locale\" content=\"de_DE\" \/>\n<meta property=\"og:type\" content=\"article\" \/>\n<meta property=\"og:title\" content=\"Home &#8212; Montessori-Schule Traunstein\" \/>\n<meta property=\"og:description\" content=\"Herzlich willkommen auf den Seiten der\u00a0 Montessori-Schule Traunstein Begr\u00fc\u00dfung Sie m\u00f6chten mehr erfahren und unsere Schule kennenlernen? Jetzt ein Beratungsgespr\u00e4ch vereinbaren Kontaktaufnahme\" \/>\n<meta property=\"og:url\" content=\"https:\/\/montessori-traunstein.de\/\" \/>\n<meta property=\"og:site_name\" content=\"Montessori-Schule Traunstein\" \/>\n<meta property=\"article:publisher\" content=\"https:\/\/www.facebook.com\/montessoritraunstein\/\" \/>\n<meta property=\"article:modified_time\" content=\"2026-01-17T11:25:07+00:00\" \/>\n<meta property=\"og:image\" content=\"https:\/\/montessori-traunstein.de\/wp-content\/uploads\/2023\/12\/Freiarbeit-1.jpg\" \/>\n<meta name=\"twitter:card\" content=\"summary_large_image\" \/>\n<meta name=\"twitter:label1\" content=\"Gesch\u00e4tzte Lesezeit\" \/>\n\t<meta name=\"twitter:data1\" content=\"1\u00a0Minute\" \/>\n<script type=\"application\/ld+json\" class=\"yoast-schema-graph\">{\"@context\":\"https:\\\/\\\/schema.org\",\"@graph\":[{\"@type\":\"WebPage\",\"@id\":\"https:\\\/\\\/montessori-traunstein.de\\\/\",\"url\":\"https:\\\/\\\/montessori-traunstein.de\\\/\",\"name\":\"Home &#8212; Montessori-Schule Traunstein\",\"isPartOf\":{\"@id\":\"https:\\\/\\\/montessori-traunstein.de\\\/#website\"},\"primaryImageOfPage\":{\"@id\":\"https:\\\/\\\/montessori-traunstein.de\\\/#primaryimage\"},\"image\":{\"@id\":\"https:\\\/\\\/montessori-traunstein.de\\\/#primaryimage\"},\"thumbnailUrl\":\"https:\\\/\\\/montessori-traunstein.de\\\/wp-content\\\/uploads\\\/2023\\\/12\\\/Freiarbeit-1.jpg\",\"datePublished\":\"2020-05-07T19:07:13+00:00\",\"dateModified\":\"2026-01-17T11:25:07+00:00\",\"breadcrumb\":{\"@id\":\"https:\\\/\\\/montessori-traunstein.de\\\/#breadcrumb\"},\"inLanguage\":\"de\",\"potentialAction\":[{\"@type\":\"ReadAction\",\"target\":[\"https:\\\/\\\/montessori-traunstein.de\\\/\"]}]},{\"@type\":\"ImageObject\",\"inLanguage\":\"de\",\"@id\":\"https:\\\/\\\/montessori-traunstein.de\\\/#primaryimage\",\"url\":\"https:\\\/\\\/montessori-traunstein.de\\\/wp-content\\\/uploads\\\/2023\\\/12\\\/Freiarbeit-1.jpg\",\"contentUrl\":\"https:\\\/\\\/montessori-traunstein.de\\\/wp-content\\\/uploads\\\/2023\\\/12\\\/Freiarbeit-1.jpg\",\"width\":2048,\"height\":1536},{\"@type\":\"BreadcrumbList\",\"@id\":\"https:\\\/\\\/montessori-traunstein.de\\\/#breadcrumb\",\"itemListElement\":[{\"@type\":\"ListItem\",\"position\":1,\"name\":\"Startseite\",\"item\":\"https:\\\/\\\/montessori-traunstein.de\\\/\"},{\"@type\":\"ListItem\",\"position\":2,\"name\":\"Home\"}]},{\"@type\":\"WebSite\",\"@id\":\"https:\\\/\\\/montessori-traunstein.de\\\/#website\",\"url\":\"https:\\\/\\\/montessori-traunstein.de\\\/\",\"name\":\"Montessori-Schule Traunstein\",\"description\":\"Klassen 1-10\",\"publisher\":{\"@id\":\"https:\\\/\\\/montessori-traunstein.de\\\/#organization\"},\"potentialAction\":[{\"@type\":\"SearchAction\",\"target\":{\"@type\":\"EntryPoint\",\"urlTemplate\":\"https:\\\/\\\/montessori-traunstein.de\\\/?s={search_term_string}\"},\"query-input\":{\"@type\":\"PropertyValueSpecification\",\"valueRequired\":true,\"valueName\":\"search_term_string\"}}],\"inLanguage\":\"de\"},{\"@type\":\"Organization\",\"@id\":\"https:\\\/\\\/montessori-traunstein.de\\\/#organization\",\"name\":\"Montessori-Schule Traunstein\",\"url\":\"https:\\\/\\\/montessori-traunstein.de\\\/\",\"logo\":{\"@type\":\"ImageObject\",\"inLanguage\":\"de\",\"@id\":\"https:\\\/\\\/montessori-traunstein.de\\\/#\\\/schema\\\/logo\\\/image\\\/\",\"url\":\"https:\\\/\\\/montessori-traunstein.de\\\/wp-content\\\/uploads\\\/2020\\\/11\\\/cropped-Monte_Logo-e1438079341362.jpg\",\"contentUrl\":\"https:\\\/\\\/montessori-traunstein.de\\\/wp-content\\\/uploads\\\/2020\\\/11\\\/cropped-Monte_Logo-e1438079341362.jpg\",\"width\":512,\"height\":512,\"caption\":\"Montessori-Schule Traunstein\"},\"image\":{\"@id\":\"https:\\\/\\\/montessori-traunstein.de\\\/#\\\/schema\\\/logo\\\/image\\\/\"},\"sameAs\":[\"https:\\\/\\\/www.facebook.com\\\/montessoritraunstein\\\/\"]}]}<\/script>\n<!-- \/ Yoast SEO plugin. -->","yoast_head_json":{"title":"Home &#8212; Montessori-Schule Traunstein","robots":{"index":"index","follow":"follow","max-snippet":"max-snippet:-1","max-image-preview":"max-image-preview:large","max-video-preview":"max-video-preview:-1"},"canonical":"https:\/\/montessori-traunstein.de\/","og_locale":"de_DE","og_type":"article","og_title":"Home &#8212; Montessori-Schule Traunstein","og_description":"Herzlich willkommen auf den Seiten der\u00a0 Montessori-Schule Traunstein Begr\u00fc\u00dfung Sie m\u00f6chten mehr erfahren und unsere Schule kennenlernen? Jetzt ein Beratungsgespr\u00e4ch vereinbaren Kontaktaufnahme","og_url":"https:\/\/montessori-traunstein.de\/","og_site_name":"Montessori-Schule Traunstein","article_publisher":"https:\/\/www.facebook.com\/montessoritraunstein\/","article_modified_time":"2026-01-17T11:25:07+00:00","og_image":[{"url":"https:\/\/montessori-traunstein.de\/wp-content\/uploads\/2023\/12\/Freiarbeit-1.jpg","type":"","width":"","height":""}],"twitter_card":"summary_large_image","twitter_misc":{"Gesch\u00e4tzte Lesezeit":"1\u00a0Minute"},"schema":{"@context":"https:\/\/schema.org","@graph":[{"@type":"WebPage","@id":"https:\/\/montessori-traunstein.de\/","url":"https:\/\/montessori-traunstein.de\/","name":"Home &#8212; Montessori-Schule Traunstein","isPartOf":{"@id":"https:\/\/montessori-traunstein.de\/#website"},"primaryImageOfPage":{"@id":"https:\/\/montessori-traunstein.de\/#primaryimage"},"image":{"@id":"https:\/\/montessori-traunstein.de\/#primaryimage"},"thumbnailUrl":"https:\/\/montessori-traunstein.de\/wp-content\/uploads\/2023\/12\/Freiarbeit-1.jpg","datePublished":"2020-05-07T19:07:13+00:00","dateModified":"2026-01-17T11:25:07+00:00","breadcrumb":{"@id":"https:\/\/montessori-traunstein.de\/#breadcrumb"},"inLanguage":"de","potentialAction":[{"@type":"ReadAction","target":["https:\/\/montessori-traunstein.de\/"]}]},{"@type":"ImageObject","inLanguage":"de","@id":"https:\/\/montessori-traunstein.de\/#primaryimage","url":"https:\/\/montessori-traunstein.de\/wp-content\/uploads\/2023\/12\/Freiarbeit-1.jpg","contentUrl":"https:\/\/montessori-traunstein.de\/wp-content\/uploads\/2023\/12\/Freiarbeit-1.jpg","width":2048,"height":1536},{"@type":"BreadcrumbList","@id":"https:\/\/montessori-traunstein.de\/#breadcrumb","itemListElement":[{"@type":"ListItem","position":1,"name":"Startseite","item":"https:\/\/montessori-traunstein.de\/"},{"@type":"ListItem","position":2,"name":"Home"}]},{"@type":"WebSite","@id":"https:\/\/montessori-traunstein.de\/#website","url":"https:\/\/montessori-traunstein.de\/","name":"Montessori-Schule Traunstein","description":"Klassen 1-10","publisher":{"@id":"https:\/\/montessori-traunstein.de\/#organization"},"potentialAction":[{"@type":"SearchAction","target":{"@type":"EntryPoint","urlTemplate":"https:\/\/montessori-traunstein.de\/?s={search_term_string}"},"query-input":{"@type":"PropertyValueSpecification","valueRequired":true,"valueName":"search_term_string"}}],"inLanguage":"de"},{"@type":"Organization","@id":"https:\/\/montessori-traunstein.de\/#organization","name":"Montessori-Schule Traunstein","url":"https:\/\/montessori-traunstein.de\/","logo":{"@type":"ImageObject","inLanguage":"de","@id":"https:\/\/montessori-traunstein.de\/#\/schema\/logo\/image\/","url":"https:\/\/montessori-traunstein.de\/wp-content\/uploads\/2020\/11\/cropped-Monte_Logo-e1438079341362.jpg","contentUrl":"https:\/\/montessori-traunstein.de\/wp-content\/uploads\/2020\/11\/cropped-Monte_Logo-e1438079341362.jpg","width":512,"height":512,"caption":"Montessori-Schule Traunstein"},"image":{"@id":"https:\/\/montessori-traunstein.de\/#\/schema\/logo\/image\/"},"sameAs":["https:\/\/www.facebook.com\/montessoritraunstein\/"]}]}},"_links":{"self":[{"href":"https:\/\/montessori-traunstein.de\/index.php\/wp-json\/wp\/v2\/pages\/2","targetHints":{"allow":["GET"]}}],"collection":[{"href":"https:\/\/montessori-traunstein.de\/index.php\/wp-json\/wp\/v2\/pages"}],"about":[{"href":"https:\/\/montessori-traunstein.de\/index.php\/wp-json\/wp\/v2\/types\/page"}],"author":[{"embeddable":true,"href":"https:\/\/montessori-traunstein.de\/index.php\/wp-json\/wp\/v2\/users\/1"}],"replies":[{"embeddable":true,"href":"https:\/\/montessori-traunstein.de\/index.php\/wp-json\/wp\/v2\/comments?post=2"}],"version-history":[{"count":1080,"href":"https:\/\/montessori-traunstein.de\/index.php\/wp-json\/wp\/v2\/pages\/2\/revisions"}],"predecessor-version":[{"id":8113,"href":"https:\/\/montessori-traunstein.de\/index.php\/wp-json\/wp\/v2\/pages\/2\/revisions\/8113"}],"wp:attachment":[{"href":"https:\/\/montessori-traunstein.de\/index.php\/wp-json\/wp\/v2\/media?parent=2"}],"wp:term":[{"taxonomy":"folder","embeddable":true,"href":"https:\/\/montessori-traunstein.de\/index.php\/wp-json\/wp\/v2\/folder?post=2"}],"curies":[{"name":"wp","href":"https:\/\/api.w.org\/{rel}","templated":true}]}}